{"id":2077,"date":"2022-02-11T07:03:33","date_gmt":"2022-02-11T07:03:33","guid":{"rendered":"https:\/\/glovita.hu\/references\/"},"modified":"2022-02-11T07:03:34","modified_gmt":"2022-02-11T07:03:34","slug":"references","status":"publish","type":"page","link":"https:\/\/glovita.hu\/en\/references\/","title":{"rendered":"References"},"content":{"rendered":"<p>[vc_row][vc_column]\t\t\t\n\t\t\t<div id=\"wd-6128e11ae0a39\" class=\"testimonials testimonials-wrapper testimonials-grid testimon-style-boxed color-scheme-  testimon-align-left testimon-with-rating \" >\n\t\t\t\t<div class=\" row wd-spacing-30 wd-columns-1\" >\n\t\t\t\t\t\n<div class=\"testimonial column \">\n\t<div class=\"testimonial-inner\">\n\t\t\t\t\t<div class=\"testimonial-avatar\">\n\t\t\t\t<img loading=\"lazy\" decoding=\"async\" class=\"testimonial-avatar-image \" src=\"https:\/\/glovita.hu\/wp-content\/uploads\/2021\/10\/Bunzl-logo.jpg\" width=\"80\" height=\"77\" alt=\"Bunzl-logo\" title=\"Bunzl-logo\" \/>\t\t\t<\/div>\n\t\t\n\t\t<div class=\"testimonial-content\">\n\t\t\t<div class=\"testimonial-rating\">\n\t\t\t\t<span class=\"star-rating\">\n\t\t\t\t\t<span style=\"width:100%\"><\/span>\n\t\t\t\t<\/span>\n\t\t\t<\/div>\n\n\t\t\t<a href=\"https:\/\/www.bunzl.hu\/\">Bunzl Hungary Ltd<\/a> has been present on the Hungarian market since 1991 with the distribution of safety products such as hygenie,wrapping products for the food industry and machines used in catering The products of Glovita Co.,Ltd belong to our portfolio. Our portfolio can provide a long term and reliable solution to the safety requirements of all the producers and suppliers.<\/p>\n<p><a href=\"https:\/\/www.bunzl.hu\/\"><strong>Bunzl Hungary<\/strong><\/a>\n\t\t\t<footer>\n\t\t\t\t\n\t\t\t\t\t\t\t<\/footer>\n\t\t<\/div>\n\t<\/div>\n<\/div>\n<div class=\"testimonial column \">\n\t<div class=\"testimonial-inner\">\n\t\t\t\t\t<div class=\"testimonial-avatar\">\n\t\t\t\t<img loading=\"lazy\" decoding=\"async\" class=\"testimonial-avatar-image \" src=\"https:\/\/glovita.hu\/wp-content\/uploads\/2021\/08\/ceres-logo-250x148.png\" width=\"250\" height=\"148\" alt=\"ceres-logo\" title=\"ceres-logo\" \/>\t\t\t<\/div>\n\t\t\n\t\t<div class=\"testimonial-content\">\n\t\t\t<div class=\"testimonial-rating\">\n\t\t\t\t<span class=\"star-rating\">\n\t\t\t\t\t<span style=\"width:100%\"><\/span>\n\t\t\t\t<\/span>\n\t\t\t<\/div>\n\n\t\t\tGlovita Co.,Ltd We have been using Glovita&#8217;s products for years during our production We are satisfied with the quality of their products The company is a reliable supplier\n\t\t\t<footer>\n\t\t\t\tSzab\u00f3 Barbara\n\t\t\t\t\t\t\t\t\t<span>\n\t\t\t\t\t\tsenior sourcing manager\t\t\t\t\t<\/span>\n\t\t\t\t\t\t\t<\/footer>\n\t\t<\/div>\n\t<\/div>\n<\/div>\n<div class=\"testimonial column \">\n\t<div class=\"testimonial-inner\">\n\t\t\t\t\t<div class=\"testimonial-avatar\">\n\t\t\t\t<img loading=\"lazy\" decoding=\"async\" class=\"testimonial-avatar-image \" src=\"https:\/\/glovita.hu\/wp-content\/uploads\/2021\/08\/perosafe-logo.jpg\" width=\"156\" height=\"79\" alt=\"perosafe-logo\" title=\"perosafe-logo\" \/>\t\t\t<\/div>\n\t\t\n\t\t<div class=\"testimonial-content\">\n\t\t\t<div class=\"testimonial-rating\">\n\t\t\t\t<span class=\"star-rating\">\n\t\t\t\t\t<span style=\"width:100%\"><\/span>\n\t\t\t\t<\/span>\n\t\t\t<\/div>\n\n\t\t\tWe have been working together with Glovita since years in a tight strategic cooperation.For us the most important is the service of the end users and finding the right products for each work.For this Glovita&#8217;s developing-sales-production team provides us an excellent support.\n\t\t\t<footer>\n\t\t\t\tS\u00e1ra Peredi\n\t\t\t\t\t\t\t\t\t<span>\n\t\t\t\t\t\tmanaging director\t\t\t\t\t<\/span>\n\t\t\t\t\t\t\t<\/footer>\n\t\t<\/div>\n\t<\/div>\n<\/div>\n<div class=\"testimonial column \">\n\t<div class=\"testimonial-inner\">\n\t\t\t\t\t<div class=\"testimonial-avatar\">\n\t\t\t\t<img loading=\"lazy\" decoding=\"async\" class=\"testimonial-avatar-image \" src=\"https:\/\/glovita.hu\/wp-content\/uploads\/2021\/08\/Nordic-logo.jpg-502x114.jpg\" width=\"502\" height=\"114\" alt=\"Nordic logo.jpg\" title=\"Nordic logo.jpg\" \/>\t\t\t<\/div>\n\t\t\n\t\t<div class=\"testimonial-content\">\n\t\t\t<div class=\"testimonial-rating\">\n\t\t\t\t<span class=\"star-rating\">\n\t\t\t\t\t<span style=\"width:100%\"><\/span>\n\t\t\t\t<\/span>\n\t\t\t<\/div>\n\n\t\t\tTop quality cotton gloves with exceptional customer service.\n\t\t\t<footer>\n\t\t\t\tNORDIC GLOVES OY\n\t\t\t\t\t\t\t\t\t<span>\n\t\t\t\t\t\t(Finland)\t\t\t\t\t<\/span>\n\t\t\t\t\t\t\t<\/footer>\n\t\t<\/div>\n\t<\/div>\n<\/div>\n<div class=\"testimonial column \">\n\t<div class=\"testimonial-inner\">\n\t\t\t\t\t<div class=\"testimonial-avatar\">\n\t\t\t\t<img loading=\"lazy\" decoding=\"async\" class=\"testimonial-avatar-image \" src=\"https:\/\/glovita.hu\/wp-content\/uploads\/2021\/08\/Algila-logo-e1630069226652.png\" width=\"225\" height=\"75\" alt=\"Algila logo\" title=\"Algila logo\" \/>\t\t\t<\/div>\n\t\t\n\t\t<div class=\"testimonial-content\">\n\t\t\t<div class=\"testimonial-rating\">\n\t\t\t\t<span class=\"star-rating\">\n\t\t\t\t\t<span style=\"width:100%\"><\/span>\n\t\t\t\t<\/span>\n\t\t\t<\/div>\n\n\t\t\t\n\t\t\t<footer>\n\t\t\t\tSC ALGILA SRL\n\t\t\t\t\t\t\t\t\t<span>\n\t\t\t\t\t\t(Romania)\t\t\t\t\t<\/span>\n\t\t\t\t\t\t\t<\/footer>\n\t\t<\/div>\n\t<\/div>\n<\/div>\t\t\t\t<\/div>\n\t\t\t<\/div>\n\t\t[\/vc_column][\/vc_row]<\/p>\n","protected":false},"excerpt":{"rendered":"<p>[vc_row][vc_column][\/vc_column][\/vc_row]<\/p>\n","protected":false},"author":1,"featured_media":0,"parent":0,"menu_order":0,"comment_status":"closed","ping_status":"closed","template":"","meta":{"footnotes":""},"class_list":["post-2077","page","type-page","status-publish","hentry"],"yoast_head":"<!-- This site is optimized with the Yoast SEO plugin v24.5 - https:\/\/yoast.com\/wordpress\/plugins\/seo\/ -->\n<title>References - Glovita.hu<\/title>\n<meta name=\"description\" content=\"GLOVITA Co.,Ltd We have been using Glovita&#039;s products for years during our production We are satisfied with the quality of their products The company is a reliable supplier\" \/>\n<meta name=\"robots\" content=\"index, follow, max-snippet:-1, max-image-preview:large, max-video-preview:-1\" \/>\n<link rel=\"canonical\" href=\"https:\/\/glovita.hu\/en\/references\/\" \/>\n<meta property=\"og:locale\" content=\"en_US\" \/>\n<meta property=\"og:type\" content=\"article\" \/>\n<meta property=\"og:title\" content=\"References - Glovita.hu\" \/>\n<meta property=\"og:description\" content=\"GLOVITA Co.,Ltd We have been using Glovita&#039;s products for years during our production We are satisfied with the quality of their products The company is a reliable supplier\" \/>\n<meta property=\"og:url\" content=\"https:\/\/glovita.hu\/en\/references\/\" \/>\n<meta property=\"og:site_name\" content=\"Glovita.hu\" \/>\n<meta property=\"article:modified_time\" content=\"2022-02-11T07:03:34+00:00\" \/>\n<meta property=\"og:image\" content=\"https:\/\/glovita.hu\/wp-content\/uploads\/2021\/09\/glovita-og.jpg\" \/>\n\t<meta property=\"og:image:width\" content=\"1200\" \/>\n\t<meta property=\"og:image:height\" content=\"628\" \/>\n\t<meta property=\"og:image:type\" content=\"image\/jpeg\" \/>\n<meta name=\"twitter:card\" content=\"summary_large_image\" \/>\n<meta name=\"twitter:label1\" content=\"Est. reading time\" \/>\n\t<meta name=\"twitter:data1\" content=\"1 minute\" \/>\n<script type=\"application\/ld+json\" class=\"yoast-schema-graph\">{\"@context\":\"https:\/\/schema.org\",\"@graph\":[{\"@type\":\"WebPage\",\"@id\":\"https:\/\/glovita.hu\/en\/references\/\",\"url\":\"https:\/\/glovita.hu\/en\/references\/\",\"name\":\"References - Glovita.hu\",\"isPartOf\":{\"@id\":\"https:\/\/glovita.hu\/#website\"},\"datePublished\":\"2022-02-11T07:03:33+00:00\",\"dateModified\":\"2022-02-11T07:03:34+00:00\",\"description\":\"GLOVITA Co.,Ltd We have been using Glovita's products for years during our production We are satisfied with the quality of their products The company is a reliable supplier\",\"breadcrumb\":{\"@id\":\"https:\/\/glovita.hu\/en\/references\/#breadcrumb\"},\"inLanguage\":\"en-US\",\"potentialAction\":[{\"@type\":\"ReadAction\",\"target\":[\"https:\/\/glovita.hu\/en\/references\/\"]}]},{\"@type\":\"BreadcrumbList\",\"@id\":\"https:\/\/glovita.hu\/en\/references\/#breadcrumb\",\"itemListElement\":[{\"@type\":\"ListItem\",\"position\":1,\"name\":\"Kezd\u0151lap\",\"item\":\"https:\/\/glovita.hu\/en\/\"},{\"@type\":\"ListItem\",\"position\":2,\"name\":\"References\"}]},{\"@type\":\"WebSite\",\"@id\":\"https:\/\/glovita.hu\/#website\",\"url\":\"https:\/\/glovita.hu\/\",\"name\":\"Glovita.hu\",\"description\":\"Teljes k\u00f6r\u0171 k\u00e9zv\u00e9delmi megold\u00e1sok a gy\u00e1rt\u00f3t\u00f3l\",\"publisher\":{\"@id\":\"https:\/\/glovita.hu\/#organization\"},\"potentialAction\":[{\"@type\":\"SearchAction\",\"target\":{\"@type\":\"EntryPoint\",\"urlTemplate\":\"https:\/\/glovita.hu\/?s={search_term_string}\"},\"query-input\":{\"@type\":\"PropertyValueSpecification\",\"valueRequired\":true,\"valueName\":\"search_term_string\"}}],\"inLanguage\":\"en-US\"},{\"@type\":\"Organization\",\"@id\":\"https:\/\/glovita.hu\/#organization\",\"name\":\"Glovita\",\"url\":\"https:\/\/glovita.hu\/\",\"logo\":{\"@type\":\"ImageObject\",\"inLanguage\":\"en-US\",\"@id\":\"https:\/\/glovita.hu\/#\/schema\/logo\/image\/\",\"url\":\"https:\/\/glovita.hu\/wp-content\/uploads\/2021\/04\/glovita-logo.svg\",\"contentUrl\":\"https:\/\/glovita.hu\/wp-content\/uploads\/2021\/04\/glovita-logo.svg\",\"width\":250,\"height\":161,\"caption\":\"Glovita\"},\"image\":{\"@id\":\"https:\/\/glovita.hu\/#\/schema\/logo\/image\/\"}}]}<\/script>\n<!-- \/ Yoast SEO plugin. -->","yoast_head_json":{"title":"References - Glovita.hu","description":"GLOVITA Co.,Ltd We have been using Glovita's products for years during our production We are satisfied with the quality of their products The company is a reliable supplier","robots":{"index":"index","follow":"follow","max-snippet":"max-snippet:-1","max-image-preview":"max-image-preview:large","max-video-preview":"max-video-preview:-1"},"canonical":"https:\/\/glovita.hu\/en\/references\/","og_locale":"en_US","og_type":"article","og_title":"References - Glovita.hu","og_description":"GLOVITA Co.,Ltd We have been using Glovita's products for years during our production We are satisfied with the quality of their products The company is a reliable supplier","og_url":"https:\/\/glovita.hu\/en\/references\/","og_site_name":"Glovita.hu","article_modified_time":"2022-02-11T07:03:34+00:00","og_image":[{"width":1200,"height":628,"url":"https:\/\/glovita.hu\/wp-content\/uploads\/2021\/09\/glovita-og.jpg","type":"image\/jpeg"}],"twitter_card":"summary_large_image","twitter_misc":{"Est. reading time":"1 minute"},"schema":{"@context":"https:\/\/schema.org","@graph":[{"@type":"WebPage","@id":"https:\/\/glovita.hu\/en\/references\/","url":"https:\/\/glovita.hu\/en\/references\/","name":"References - Glovita.hu","isPartOf":{"@id":"https:\/\/glovita.hu\/#website"},"datePublished":"2022-02-11T07:03:33+00:00","dateModified":"2022-02-11T07:03:34+00:00","description":"GLOVITA Co.,Ltd We have been using Glovita's products for years during our production We are satisfied with the quality of their products The company is a reliable supplier","breadcrumb":{"@id":"https:\/\/glovita.hu\/en\/references\/#breadcrumb"},"inLanguage":"en-US","potentialAction":[{"@type":"ReadAction","target":["https:\/\/glovita.hu\/en\/references\/"]}]},{"@type":"BreadcrumbList","@id":"https:\/\/glovita.hu\/en\/references\/#breadcrumb","itemListElement":[{"@type":"ListItem","position":1,"name":"Kezd\u0151lap","item":"https:\/\/glovita.hu\/en\/"},{"@type":"ListItem","position":2,"name":"References"}]},{"@type":"WebSite","@id":"https:\/\/glovita.hu\/#website","url":"https:\/\/glovita.hu\/","name":"Glovita.hu","description":"Teljes k\u00f6r\u0171 k\u00e9zv\u00e9delmi megold\u00e1sok a gy\u00e1rt\u00f3t\u00f3l","publisher":{"@id":"https:\/\/glovita.hu\/#organization"},"potentialAction":[{"@type":"SearchAction","target":{"@type":"EntryPoint","urlTemplate":"https:\/\/glovita.hu\/?s={search_term_string}"},"query-input":{"@type":"PropertyValueSpecification","valueRequired":true,"valueName":"search_term_string"}}],"inLanguage":"en-US"},{"@type":"Organization","@id":"https:\/\/glovita.hu\/#organization","name":"Glovita","url":"https:\/\/glovita.hu\/","logo":{"@type":"ImageObject","inLanguage":"en-US","@id":"https:\/\/glovita.hu\/#\/schema\/logo\/image\/","url":"https:\/\/glovita.hu\/wp-content\/uploads\/2021\/04\/glovita-logo.svg","contentUrl":"https:\/\/glovita.hu\/wp-content\/uploads\/2021\/04\/glovita-logo.svg","width":250,"height":161,"caption":"Glovita"},"image":{"@id":"https:\/\/glovita.hu\/#\/schema\/logo\/image\/"}}]}},"_links":{"self":[{"href":"https:\/\/glovita.hu\/en\/wp-json\/wp\/v2\/pages\/2077","targetHints":{"allow":["GET"]}}],"collection":[{"href":"https:\/\/glovita.hu\/en\/wp-json\/wp\/v2\/pages"}],"about":[{"href":"https:\/\/glovita.hu\/en\/wp-json\/wp\/v2\/types\/page"}],"author":[{"embeddable":true,"href":"https:\/\/glovita.hu\/en\/wp-json\/wp\/v2\/users\/1"}],"replies":[{"embeddable":true,"href":"https:\/\/glovita.hu\/en\/wp-json\/wp\/v2\/comments?post=2077"}],"version-history":[{"count":2,"href":"https:\/\/glovita.hu\/en\/wp-json\/wp\/v2\/pages\/2077\/revisions"}],"predecessor-version":[{"id":2079,"href":"https:\/\/glovita.hu\/en\/wp-json\/wp\/v2\/pages\/2077\/revisions\/2079"}],"wp:attachment":[{"href":"https:\/\/glovita.hu\/en\/wp-json\/wp\/v2\/media?parent=2077"}],"curies":[{"name":"wp","href":"https:\/\/api.w.org\/{rel}","templated":true}]}}