{"id":2080,"date":"2022-02-11T07:14:20","date_gmt":"2022-02-11T07:14:20","guid":{"rendered":"https:\/\/glovita.hu\/carrier\/"},"modified":"2022-12-05T11:54:11","modified_gmt":"2022-12-05T11:54:11","slug":"carrier","status":"publish","type":"page","link":"https:\/\/glovita.hu\/en\/carrier\/","title":{"rendered":"Career"},"content":{"rendered":"<p>[vc_row full_width=&#8221;stretch_row_content&#8221; content_placement=&#8221;middle&#8221; woodmart_disable_overflow=&#8221;1&#8243; el_class=&#8221;z-index-10 contact-block&#8221; css=&#8221;.vc_custom_1629286062829{margin-bottom: 4vh !important;}&#8221; mobile_bg_img_hidden=&#8221;no&#8221; tablet_bg_img_hidden=&#8221;no&#8221; woodmart_parallax=&#8221;0&#8243; woodmart_gradient_switch=&#8221;no&#8221; row_reverse_mobile=&#8221;1&#8243; row_reverse_tablet=&#8221;1&#8243;][vc_column css=&#8221;.vc_custom_1535109641097{margin-top: -50px !important;margin-right: -80px !important;margin-bottom: 4vh !important;}&#8221; offset=&#8221;vc_col-md-6&#8243; el_class=&#8221;reset-margin&#8221;][vc_empty_space height=&#8221;20px&#8221; woodmart_hide_large=&#8221;1&#8243;][vc_row_inner][vc_column_inner][vc_single_image image=&#8221;1512&#8243; img_size=&#8221;full&#8221; alignment=&#8221;center&#8221; scroll_x=&#8221;0&#8243; scroll_y=&#8221;40&#8243; scroll_z=&#8221;0&#8243; parallax_scroll=&#8221;yes&#8221; css=&#8221;.vc_custom_1630061828664{margin-bottom: 0px !important;}&#8221; woodmart_inline=&#8221;no&#8221;][\/vc_column_inner][\/vc_row_inner][\/vc_column][vc_column parallax_scroll=&#8221;no&#8221; offset=&#8221;vc_col-md-6&#8243; css=&#8221;.vc_custom_1628147657082{margin-bottom: 4vh !important;padding-left: 30px !important;background-color: #ffffff !important;}&#8221; mobile_bg_img_hidden=&#8221;no&#8221; tablet_bg_img_hidden=&#8221;no&#8221; woodmart_parallax=&#8221;0&#8243; woodmart_sticky_column=&#8221;false&#8221; mobile_reset_margin=&#8221;no&#8221; tablet_reset_margin=&#8221;no&#8221;]\t\t\t<div id=\"wd-611cee510e492\" class=\"wd-text-block-wrapper wd-wpb wd-rs-611cee510e492 color-scheme-dark wd-width-100 text-left vc_custom_1629285980733\">\n\t\t\t\t<div class=\"woodmart-title-container woodmart-text-block reset-last-child font-primary wd-font-weight-400 \">\n\t\t\t\t\tJoin<br \/>\n<span class=\"add-border border-width-3 border-color-primary\"><strong>our team!<\/strong><\/span>\t\t\t\t<\/div>\n\n\t\t\t\t\t\t\t<\/div>\n\t\t\t\t\t<div id=\"wd-6166a9f6e807e\" class=\"wd-text-block-wrapper wd-wpb wd-rs-6166a9f6e807e color-scheme- wd-width-90 text-left vc_custom_1634118182424\">\n\t\t\t\t<div class=\"woodmart-title-container woodmart-text-block reset-last-child font-text wd-font-weight-400 \">\n\t\t\t\t\t<strong>Dear Visitor!<\/strong><\/p>\n<p>In case you would like to join our team please send us your CV with your foto by mentioning your required job to <a href=\"mailto:karrier@glovita.hu\">karrier@glovita.hu<\/a> where our collegues will contact you.<\/p>\n<p><strong>At the moment our company is looking for new members for the following jobs:<\/strong><\/p>\n<ul>\n<li>technician for knitting machines<\/li>\n<\/ul>\n<p>\t\t\t\t<\/div>\n\n\t\t\t\t\t\t\t<\/div>\n\t\t[\/vc_column][\/vc_row]<\/p>\n","protected":false},"excerpt":{"rendered":"<p>[vc_row full_width=&#8221;stretch_row_content&#8221; content_placement=&#8221;middle&#8221; woodmart_disable_overflow=&#8221;1&#8243; el_class=&#8221;z-index-10 contact-block&#8221; css=&#8221;.vc_custom_1629286062829{margin-bottom: 4vh !important;}&#8221; mobile_bg_img_hidden=&#8221;no&#8221; tablet_bg_img_hidden=&#8221;no&#8221; woodmart_parallax=&#8221;0&#8243; woodmart_gradient_switch=&#8221;no&#8221; row_reverse_mobile=&#8221;1&#8243; row_reverse_tablet=&#8221;1&#8243;][vc_column css=&#8221;.vc_custom_1535109641097{margin-top: -50px !important;margin-right: -80px !important;margin-bottom:<\/p>\n","protected":false},"author":1,"featured_media":0,"parent":0,"menu_order":0,"comment_status":"closed","ping_status":"closed","template":"","meta":{"footnotes":""},"class_list":["post-2080","page","type-page","status-publish","hentry"],"yoast_head":"<!-- This site is optimized with the Yoast SEO plugin v24.5 - https:\/\/yoast.com\/wordpress\/plugins\/seo\/ -->\n<title>Career - Glovita.hu<\/title>\n<meta name=\"description\" content=\"In case you would like to join our team please send us your CV with your foto by mentioning your required job to karrier@glovita.hu where our collegues will contact you.\" \/>\n<meta name=\"robots\" content=\"index, follow, max-snippet:-1, max-image-preview:large, max-video-preview:-1\" \/>\n<link rel=\"canonical\" href=\"https:\/\/glovita.hu\/en\/carrier\/\" \/>\n<meta property=\"og:locale\" content=\"en_US\" \/>\n<meta property=\"og:type\" content=\"article\" \/>\n<meta property=\"og:title\" content=\"Career - Glovita.hu\" \/>\n<meta property=\"og:description\" content=\"In case you would like to join our team please send us your CV with your foto by mentioning your required job to karrier@glovita.hu where our collegues will contact you.\" \/>\n<meta property=\"og:url\" content=\"https:\/\/glovita.hu\/en\/carrier\/\" \/>\n<meta property=\"og:site_name\" content=\"Glovita.hu\" \/>\n<meta property=\"article:modified_time\" content=\"2022-12-05T11:54:11+00:00\" \/>\n<meta property=\"og:image\" content=\"https:\/\/glovita.hu\/wp-content\/uploads\/2021\/09\/glovita-og.jpg\" \/>\n\t<meta property=\"og:image:width\" content=\"1200\" \/>\n\t<meta property=\"og:image:height\" content=\"628\" \/>\n\t<meta property=\"og:image:type\" content=\"image\/jpeg\" \/>\n<meta name=\"twitter:card\" content=\"summary_large_image\" \/>\n<meta name=\"twitter:label1\" content=\"Est. reading time\" \/>\n\t<meta name=\"twitter:data1\" content=\"2 minutes\" \/>\n<script type=\"application\/ld+json\" class=\"yoast-schema-graph\">{\"@context\":\"https:\/\/schema.org\",\"@graph\":[{\"@type\":\"WebPage\",\"@id\":\"https:\/\/glovita.hu\/en\/carrier\/\",\"url\":\"https:\/\/glovita.hu\/en\/carrier\/\",\"name\":\"Career - Glovita.hu\",\"isPartOf\":{\"@id\":\"https:\/\/glovita.hu\/#website\"},\"datePublished\":\"2022-02-11T07:14:20+00:00\",\"dateModified\":\"2022-12-05T11:54:11+00:00\",\"description\":\"In case you would like to join our team please send us your CV with your foto by mentioning your required job to karrier@glovita.hu where our collegues will contact you.\",\"breadcrumb\":{\"@id\":\"https:\/\/glovita.hu\/en\/carrier\/#breadcrumb\"},\"inLanguage\":\"en-US\",\"potentialAction\":[{\"@type\":\"ReadAction\",\"target\":[\"https:\/\/glovita.hu\/en\/carrier\/\"]}]},{\"@type\":\"BreadcrumbList\",\"@id\":\"https:\/\/glovita.hu\/en\/carrier\/#breadcrumb\",\"itemListElement\":[{\"@type\":\"ListItem\",\"position\":1,\"name\":\"Kezd\u0151lap\",\"item\":\"https:\/\/glovita.hu\/en\/\"},{\"@type\":\"ListItem\",\"position\":2,\"name\":\"Career\"}]},{\"@type\":\"WebSite\",\"@id\":\"https:\/\/glovita.hu\/#website\",\"url\":\"https:\/\/glovita.hu\/\",\"name\":\"Glovita.hu\",\"description\":\"Teljes k\u00f6r\u0171 k\u00e9zv\u00e9delmi megold\u00e1sok a gy\u00e1rt\u00f3t\u00f3l\",\"publisher\":{\"@id\":\"https:\/\/glovita.hu\/#organization\"},\"potentialAction\":[{\"@type\":\"SearchAction\",\"target\":{\"@type\":\"EntryPoint\",\"urlTemplate\":\"https:\/\/glovita.hu\/?s={search_term_string}\"},\"query-input\":{\"@type\":\"PropertyValueSpecification\",\"valueRequired\":true,\"valueName\":\"search_term_string\"}}],\"inLanguage\":\"en-US\"},{\"@type\":\"Organization\",\"@id\":\"https:\/\/glovita.hu\/#organization\",\"name\":\"Glovita\",\"url\":\"https:\/\/glovita.hu\/\",\"logo\":{\"@type\":\"ImageObject\",\"inLanguage\":\"en-US\",\"@id\":\"https:\/\/glovita.hu\/#\/schema\/logo\/image\/\",\"url\":\"https:\/\/glovita.hu\/wp-content\/uploads\/2021\/04\/glovita-logo.svg\",\"contentUrl\":\"https:\/\/glovita.hu\/wp-content\/uploads\/2021\/04\/glovita-logo.svg\",\"width\":250,\"height\":161,\"caption\":\"Glovita\"},\"image\":{\"@id\":\"https:\/\/glovita.hu\/#\/schema\/logo\/image\/\"}}]}<\/script>\n<!-- \/ Yoast SEO plugin. -->","yoast_head_json":{"title":"Career - Glovita.hu","description":"In case you would like to join our team please send us your CV with your foto by mentioning your required job to karrier@glovita.hu where our collegues will contact you.","robots":{"index":"index","follow":"follow","max-snippet":"max-snippet:-1","max-image-preview":"max-image-preview:large","max-video-preview":"max-video-preview:-1"},"canonical":"https:\/\/glovita.hu\/en\/carrier\/","og_locale":"en_US","og_type":"article","og_title":"Career - Glovita.hu","og_description":"In case you would like to join our team please send us your CV with your foto by mentioning your required job to karrier@glovita.hu where our collegues will contact you.","og_url":"https:\/\/glovita.hu\/en\/carrier\/","og_site_name":"Glovita.hu","article_modified_time":"2022-12-05T11:54:11+00:00","og_image":[{"width":1200,"height":628,"url":"https:\/\/glovita.hu\/wp-content\/uploads\/2021\/09\/glovita-og.jpg","type":"image\/jpeg"}],"twitter_card":"summary_large_image","twitter_misc":{"Est. reading time":"2 minutes"},"schema":{"@context":"https:\/\/schema.org","@graph":[{"@type":"WebPage","@id":"https:\/\/glovita.hu\/en\/carrier\/","url":"https:\/\/glovita.hu\/en\/carrier\/","name":"Career - Glovita.hu","isPartOf":{"@id":"https:\/\/glovita.hu\/#website"},"datePublished":"2022-02-11T07:14:20+00:00","dateModified":"2022-12-05T11:54:11+00:00","description":"In case you would like to join our team please send us your CV with your foto by mentioning your required job to karrier@glovita.hu where our collegues will contact you.","breadcrumb":{"@id":"https:\/\/glovita.hu\/en\/carrier\/#breadcrumb"},"inLanguage":"en-US","potentialAction":[{"@type":"ReadAction","target":["https:\/\/glovita.hu\/en\/carrier\/"]}]},{"@type":"BreadcrumbList","@id":"https:\/\/glovita.hu\/en\/carrier\/#breadcrumb","itemListElement":[{"@type":"ListItem","position":1,"name":"Kezd\u0151lap","item":"https:\/\/glovita.hu\/en\/"},{"@type":"ListItem","position":2,"name":"Career"}]},{"@type":"WebSite","@id":"https:\/\/glovita.hu\/#website","url":"https:\/\/glovita.hu\/","name":"Glovita.hu","description":"Teljes k\u00f6r\u0171 k\u00e9zv\u00e9delmi megold\u00e1sok a gy\u00e1rt\u00f3t\u00f3l","publisher":{"@id":"https:\/\/glovita.hu\/#organization"},"potentialAction":[{"@type":"SearchAction","target":{"@type":"EntryPoint","urlTemplate":"https:\/\/glovita.hu\/?s={search_term_string}"},"query-input":{"@type":"PropertyValueSpecification","valueRequired":true,"valueName":"search_term_string"}}],"inLanguage":"en-US"},{"@type":"Organization","@id":"https:\/\/glovita.hu\/#organization","name":"Glovita","url":"https:\/\/glovita.hu\/","logo":{"@type":"ImageObject","inLanguage":"en-US","@id":"https:\/\/glovita.hu\/#\/schema\/logo\/image\/","url":"https:\/\/glovita.hu\/wp-content\/uploads\/2021\/04\/glovita-logo.svg","contentUrl":"https:\/\/glovita.hu\/wp-content\/uploads\/2021\/04\/glovita-logo.svg","width":250,"height":161,"caption":"Glovita"},"image":{"@id":"https:\/\/glovita.hu\/#\/schema\/logo\/image\/"}}]}},"_links":{"self":[{"href":"https:\/\/glovita.hu\/en\/wp-json\/wp\/v2\/pages\/2080","targetHints":{"allow":["GET"]}}],"collection":[{"href":"https:\/\/glovita.hu\/en\/wp-json\/wp\/v2\/pages"}],"about":[{"href":"https:\/\/glovita.hu\/en\/wp-json\/wp\/v2\/types\/page"}],"author":[{"embeddable":true,"href":"https:\/\/glovita.hu\/en\/wp-json\/wp\/v2\/users\/1"}],"replies":[{"embeddable":true,"href":"https:\/\/glovita.hu\/en\/wp-json\/wp\/v2\/comments?post=2080"}],"version-history":[{"count":7,"href":"https:\/\/glovita.hu\/en\/wp-json\/wp\/v2\/pages\/2080\/revisions"}],"predecessor-version":[{"id":2653,"href":"https:\/\/glovita.hu\/en\/wp-json\/wp\/v2\/pages\/2080\/revisions\/2653"}],"wp:attachment":[{"href":"https:\/\/glovita.hu\/en\/wp-json\/wp\/v2\/media?parent=2080"}],"curies":[{"name":"wp","href":"https:\/\/api.w.org\/{rel}","templated":true}]}}