{"id":2097,"date":"2022-02-11T09:23:09","date_gmt":"2022-02-11T09:23:09","guid":{"rendered":"https:\/\/glovita.hu\/please-select-your-size\/"},"modified":"2022-03-29T11:21:32","modified_gmt":"2022-03-29T11:21:32","slug":"please-select-your-size","status":"publish","type":"page","link":"https:\/\/glovita.hu\/en\/please-select-your-size\/","title":{"rendered":"Please select your size"},"content":{"rendered":"<p>[vc_row el_class=&#8221;merettablazat&#8221; mobile_bg_img_hidden=&#8221;no&#8221; tablet_bg_img_hidden=&#8221;no&#8221; woodmart_parallax=&#8221;0&#8243; woodmart_gradient_switch=&#8221;no&#8221; row_reverse_mobile=&#8221;0&#8243; row_reverse_tablet=&#8221;0&#8243; woodmart_disable_overflow=&#8221;0&#8243;][vc_column][vc_row_inner][vc_column_inner]\t\t\n\t\t<div id=\"wd-6128c75b1c145\" class=\"title-wrapper wd-wpb set-mb-s reset-last-child  wd-rs-6128c75b1c145 wd-title-color-default wd-underline-colored wd-title-style-default wd-width-100 text-center \">\n\t\t\t\n\t\t\t<div class=\"liner-continer\">\n\t\t\t\t<h4 class=\"woodmart-title-container title  wd-font-weight- wd-fontsize-l\" >Sizing according to EN 420 standard<\/h4>\n\t\t\t\t\t\t\t<\/div>\n\t\t\t\n\t\t\t\n\t\t\t\n\t\t<\/div>\n\t\t\n\t\t[\/vc_column_inner][\/vc_row_inner][vc_row_inner equal_height=&#8221;yes&#8221; content_placement=&#8221;middle&#8221; row_reverse_mobile=&#8221;1&#8243; row_reverse_tablet=&#8221;1&#8243;][vc_column_inner width=&#8221;1\/2&#8243;][vc_single_image image=&#8221;1520&#8243; img_size=&#8221;full&#8221; alignment=&#8221;center&#8221; woodmart_inline=&#8221;no&#8221; parallax_scroll=&#8221;no&#8221; el_class=&#8221;meretvalaszto-kep&#8221;][\/vc_column_inner][vc_column_inner width=&#8221;1\/2&#8243;][vc_column_text woodmart_inline=&#8221;no&#8221; text_larger=&#8221;no&#8221;]<\/p>\n<table>\n<tbody>\n<tr class=\"table-head\">\n<td><strong>Glove size<\/strong><\/td>\n<td><strong>Circumference of the hand (mm) (A)<\/strong><\/td>\n<td><strong>Palm lenght (mm) (B)<\/strong><\/td>\n<td><strong>Minimal lenght of the gloves (mm)<\/strong><\/td>\n<\/tr>\n<tr>\n<td>5<\/td>\n<td>127<\/td>\n<td>148<\/td>\n<td>210<\/td>\n<\/tr>\n<tr>\n<td>6<\/td>\n<td>152<\/td>\n<td>160<\/td>\n<td>220<\/td>\n<\/tr>\n<tr>\n<td>7<\/td>\n<td>178<\/td>\n<td>171<\/td>\n<td>230<\/td>\n<\/tr>\n<tr>\n<td>8<\/td>\n<td>203<\/td>\n<td>182<\/td>\n<td>240<\/td>\n<\/tr>\n<tr>\n<td>9<\/td>\n<td>229<\/td>\n<td>192<\/td>\n<td>250<\/td>\n<\/tr>\n<tr>\n<td>10<\/td>\n<td>254<\/td>\n<td>204<\/td>\n<td>260<\/td>\n<\/tr>\n<tr>\n<td>11<\/td>\n<td>279<\/td>\n<td>215<\/td>\n<td>270<\/td>\n<\/tr>\n<tr>\n<td>12<\/td>\n<td>295<\/td>\n<td>227<\/td>\n<td>280<\/td>\n<\/tr>\n<tr>\n<td>13<\/td>\n<td>315<\/td>\n<td>237<\/td>\n<td>290<\/td>\n<\/tr>\n<\/tbody>\n<\/table>\n<p>[\/vc_column_text]\t\t\t<div id=\"wd-6128c87a5a095\" class=\"wd-text-block-wrapper wd-wpb wd-rs-6128c87a5a095 color-scheme- wd-width-100 text-left \">\n\t\t\t\t<div class=\"woodmart-title-container woodmart-text-block reset-last-child font-primary wd-font-weight- \">\n\t\t\t\t\tThe standard prescribes only the minimal lenght of the gloves so the actual size of the gloves is determined by the producer considering the material of the gloves and the predictable work to be done\t\t\t\t<\/div>\n\n\t\t\t\t\t\t\t<\/div>\n\t\t[\/vc_column_inner][\/vc_row_inner][\/vc_column][vc_column width=&#8221;1\/4&#8243;][\/vc_column][vc_column width=&#8221;1\/2&#8243;][\/vc_column][vc_column width=&#8221;1\/4&#8243;][\/vc_column][\/vc_row]<\/p>\n","protected":false},"excerpt":{"rendered":"<p>[vc_row el_class=&#8221;merettablazat&#8221; mobile_bg_img_hidden=&#8221;no&#8221; tablet_bg_img_hidden=&#8221;no&#8221; woodmart_parallax=&#8221;0&#8243; woodmart_gradient_switch=&#8221;no&#8221; row_reverse_mobile=&#8221;0&#8243; row_reverse_tablet=&#8221;0&#8243; woodmart_disable_overflow=&#8221;0&#8243;][vc_column][vc_row_inner][vc_column_inner][\/vc_column_inner][\/vc_row_inner][vc_row_inner equal_height=&#8221;yes&#8221; content_placement=&#8221;middle&#8221; row_reverse_mobile=&#8221;1&#8243; row_reverse_tablet=&#8221;1&#8243;][vc_column_inner width=&#8221;1\/2&#8243;][vc_single_image image=&#8221;1520&#8243; img_size=&#8221;full&#8221; alignment=&#8221;center&#8221; woodmart_inline=&#8221;no&#8221; parallax_scroll=&#8221;no&#8221; el_class=&#8221;meretvalaszto-kep&#8221;][\/vc_column_inner][vc_column_inner<\/p>\n","protected":false},"author":1,"featured_media":0,"parent":0,"menu_order":0,"comment_status":"closed","ping_status":"closed","template":"","meta":{"footnotes":""},"class_list":["post-2097","page","type-page","status-publish","hentry"],"yoast_head":"<!-- This site is optimized with the Yoast SEO plugin v24.5 - https:\/\/yoast.com\/wordpress\/plugins\/seo\/ -->\n<title>Please select your size - Glovita.hu<\/title>\n<meta name=\"description\" content=\"Sizing according to EN420 standard\" \/>\n<meta name=\"robots\" content=\"index, follow, max-snippet:-1, max-image-preview:large, max-video-preview:-1\" \/>\n<link rel=\"canonical\" href=\"https:\/\/glovita.hu\/en\/please-select-your-size\/\" \/>\n<meta property=\"og:locale\" content=\"en_US\" \/>\n<meta property=\"og:type\" content=\"article\" \/>\n<meta property=\"og:title\" content=\"Please select your size - Glovita.hu\" \/>\n<meta property=\"og:description\" content=\"Sizing according to EN420 standard\" \/>\n<meta property=\"og:url\" content=\"https:\/\/glovita.hu\/en\/please-select-your-size\/\" \/>\n<meta property=\"og:site_name\" content=\"Glovita.hu\" \/>\n<meta property=\"article:modified_time\" content=\"2022-03-29T11:21:32+00:00\" \/>\n<meta property=\"og:image\" content=\"https:\/\/glovita.hu\/wp-content\/uploads\/2021\/09\/glovita-og.jpg\" \/>\n\t<meta property=\"og:image:width\" content=\"1200\" \/>\n\t<meta property=\"og:image:height\" content=\"628\" \/>\n\t<meta property=\"og:image:type\" content=\"image\/jpeg\" \/>\n<meta name=\"twitter:card\" content=\"summary_large_image\" \/>\n<meta name=\"twitter:label1\" content=\"Est. reading time\" \/>\n\t<meta name=\"twitter:data1\" content=\"1 minute\" \/>\n<script type=\"application\/ld+json\" class=\"yoast-schema-graph\">{\"@context\":\"https:\/\/schema.org\",\"@graph\":[{\"@type\":\"WebPage\",\"@id\":\"https:\/\/glovita.hu\/en\/please-select-your-size\/\",\"url\":\"https:\/\/glovita.hu\/en\/please-select-your-size\/\",\"name\":\"Please select your size - Glovita.hu\",\"isPartOf\":{\"@id\":\"https:\/\/glovita.hu\/#website\"},\"datePublished\":\"2022-02-11T09:23:09+00:00\",\"dateModified\":\"2022-03-29T11:21:32+00:00\",\"description\":\"Sizing according to EN420 standard\",\"breadcrumb\":{\"@id\":\"https:\/\/glovita.hu\/en\/please-select-your-size\/#breadcrumb\"},\"inLanguage\":\"en-US\",\"potentialAction\":[{\"@type\":\"ReadAction\",\"target\":[\"https:\/\/glovita.hu\/en\/please-select-your-size\/\"]}]},{\"@type\":\"BreadcrumbList\",\"@id\":\"https:\/\/glovita.hu\/en\/please-select-your-size\/#breadcrumb\",\"itemListElement\":[{\"@type\":\"ListItem\",\"position\":1,\"name\":\"Kezd\u0151lap\",\"item\":\"https:\/\/glovita.hu\/en\/\"},{\"@type\":\"ListItem\",\"position\":2,\"name\":\"Please select your size\"}]},{\"@type\":\"WebSite\",\"@id\":\"https:\/\/glovita.hu\/#website\",\"url\":\"https:\/\/glovita.hu\/\",\"name\":\"Glovita.hu\",\"description\":\"Teljes k\u00f6r\u0171 k\u00e9zv\u00e9delmi megold\u00e1sok a gy\u00e1rt\u00f3t\u00f3l\",\"publisher\":{\"@id\":\"https:\/\/glovita.hu\/#organization\"},\"potentialAction\":[{\"@type\":\"SearchAction\",\"target\":{\"@type\":\"EntryPoint\",\"urlTemplate\":\"https:\/\/glovita.hu\/?s={search_term_string}\"},\"query-input\":{\"@type\":\"PropertyValueSpecification\",\"valueRequired\":true,\"valueName\":\"search_term_string\"}}],\"inLanguage\":\"en-US\"},{\"@type\":\"Organization\",\"@id\":\"https:\/\/glovita.hu\/#organization\",\"name\":\"Glovita\",\"url\":\"https:\/\/glovita.hu\/\",\"logo\":{\"@type\":\"ImageObject\",\"inLanguage\":\"en-US\",\"@id\":\"https:\/\/glovita.hu\/#\/schema\/logo\/image\/\",\"url\":\"https:\/\/glovita.hu\/wp-content\/uploads\/2021\/04\/glovita-logo.svg\",\"contentUrl\":\"https:\/\/glovita.hu\/wp-content\/uploads\/2021\/04\/glovita-logo.svg\",\"width\":250,\"height\":161,\"caption\":\"Glovita\"},\"image\":{\"@id\":\"https:\/\/glovita.hu\/#\/schema\/logo\/image\/\"}}]}<\/script>\n<!-- \/ Yoast SEO plugin. -->","yoast_head_json":{"title":"Please select your size - Glovita.hu","description":"Sizing according to EN420 standard","robots":{"index":"index","follow":"follow","max-snippet":"max-snippet:-1","max-image-preview":"max-image-preview:large","max-video-preview":"max-video-preview:-1"},"canonical":"https:\/\/glovita.hu\/en\/please-select-your-size\/","og_locale":"en_US","og_type":"article","og_title":"Please select your size - Glovita.hu","og_description":"Sizing according to EN420 standard","og_url":"https:\/\/glovita.hu\/en\/please-select-your-size\/","og_site_name":"Glovita.hu","article_modified_time":"2022-03-29T11:21:32+00:00","og_image":[{"width":1200,"height":628,"url":"https:\/\/glovita.hu\/wp-content\/uploads\/2021\/09\/glovita-og.jpg","type":"image\/jpeg"}],"twitter_card":"summary_large_image","twitter_misc":{"Est. reading time":"1 minute"},"schema":{"@context":"https:\/\/schema.org","@graph":[{"@type":"WebPage","@id":"https:\/\/glovita.hu\/en\/please-select-your-size\/","url":"https:\/\/glovita.hu\/en\/please-select-your-size\/","name":"Please select your size - Glovita.hu","isPartOf":{"@id":"https:\/\/glovita.hu\/#website"},"datePublished":"2022-02-11T09:23:09+00:00","dateModified":"2022-03-29T11:21:32+00:00","description":"Sizing according to EN420 standard","breadcrumb":{"@id":"https:\/\/glovita.hu\/en\/please-select-your-size\/#breadcrumb"},"inLanguage":"en-US","potentialAction":[{"@type":"ReadAction","target":["https:\/\/glovita.hu\/en\/please-select-your-size\/"]}]},{"@type":"BreadcrumbList","@id":"https:\/\/glovita.hu\/en\/please-select-your-size\/#breadcrumb","itemListElement":[{"@type":"ListItem","position":1,"name":"Kezd\u0151lap","item":"https:\/\/glovita.hu\/en\/"},{"@type":"ListItem","position":2,"name":"Please select your size"}]},{"@type":"WebSite","@id":"https:\/\/glovita.hu\/#website","url":"https:\/\/glovita.hu\/","name":"Glovita.hu","description":"Teljes k\u00f6r\u0171 k\u00e9zv\u00e9delmi megold\u00e1sok a gy\u00e1rt\u00f3t\u00f3l","publisher":{"@id":"https:\/\/glovita.hu\/#organization"},"potentialAction":[{"@type":"SearchAction","target":{"@type":"EntryPoint","urlTemplate":"https:\/\/glovita.hu\/?s={search_term_string}"},"query-input":{"@type":"PropertyValueSpecification","valueRequired":true,"valueName":"search_term_string"}}],"inLanguage":"en-US"},{"@type":"Organization","@id":"https:\/\/glovita.hu\/#organization","name":"Glovita","url":"https:\/\/glovita.hu\/","logo":{"@type":"ImageObject","inLanguage":"en-US","@id":"https:\/\/glovita.hu\/#\/schema\/logo\/image\/","url":"https:\/\/glovita.hu\/wp-content\/uploads\/2021\/04\/glovita-logo.svg","contentUrl":"https:\/\/glovita.hu\/wp-content\/uploads\/2021\/04\/glovita-logo.svg","width":250,"height":161,"caption":"Glovita"},"image":{"@id":"https:\/\/glovita.hu\/#\/schema\/logo\/image\/"}}]}},"_links":{"self":[{"href":"https:\/\/glovita.hu\/en\/wp-json\/wp\/v2\/pages\/2097","targetHints":{"allow":["GET"]}}],"collection":[{"href":"https:\/\/glovita.hu\/en\/wp-json\/wp\/v2\/pages"}],"about":[{"href":"https:\/\/glovita.hu\/en\/wp-json\/wp\/v2\/types\/page"}],"author":[{"embeddable":true,"href":"https:\/\/glovita.hu\/en\/wp-json\/wp\/v2\/users\/1"}],"replies":[{"embeddable":true,"href":"https:\/\/glovita.hu\/en\/wp-json\/wp\/v2\/comments?post=2097"}],"version-history":[{"count":2,"href":"https:\/\/glovita.hu\/en\/wp-json\/wp\/v2\/pages\/2097\/revisions"}],"predecessor-version":[{"id":2099,"href":"https:\/\/glovita.hu\/en\/wp-json\/wp\/v2\/pages\/2097\/revisions\/2099"}],"wp:attachment":[{"href":"https:\/\/glovita.hu\/en\/wp-json\/wp\/v2\/media?parent=2097"}],"curies":[{"name":"wp","href":"https:\/\/api.w.org\/{rel}","templated":true}]}}