{"id":2276,"date":"2022-02-22T07:17:54","date_gmt":"2022-02-22T07:17:54","guid":{"rendered":"https:\/\/glovita.hu\/contacts\/"},"modified":"2025-04-24T10:41:08","modified_gmt":"2025-04-24T10:41:08","slug":"contacts","status":"publish","type":"page","link":"https:\/\/glovita.hu\/en\/contacts\/","title":{"rendered":"Contacts"},"content":{"rendered":"<p>[vc_row full_width=&#8221;stretch_row_content&#8221; content_placement=&#8221;middle&#8221; woodmart_disable_overflow=&#8221;1&#8243; el_class=&#8221;z-index-10 contact-block&#8221; css=&#8221;.vc_custom_1627996996442{margin-bottom: 4vh !important;}&#8221; mobile_bg_img_hidden=&#8221;no&#8221; tablet_bg_img_hidden=&#8221;no&#8221; woodmart_parallax=&#8221;0&#8243; woodmart_gradient_switch=&#8221;no&#8221; row_reverse_mobile=&#8221;1&#8243; row_reverse_tablet=&#8221;1&#8243;][vc_column css=&#8221;.vc_custom_1535109641097{margin-top: -50px !important;margin-right: -80px !important;margin-bottom: 4vh !important;}&#8221; offset=&#8221;vc_col-md-6&#8243; el_class=&#8221;reset-margin&#8221;][vc_empty_space height=&#8221;20px&#8221; woodmart_hide_large=&#8221;1&#8243;][vc_row_inner][vc_column_inner][vc_single_image image=&#8221;1513&#8243; img_size=&#8221;full&#8221; alignment=&#8221;center&#8221; scroll_x=&#8221;0&#8243; scroll_y=&#8221;20&#8243; scroll_z=&#8221;0&#8243; parallax_scroll=&#8221;yes&#8221; css=&#8221;.vc_custom_1630056148357{margin-top: 50px !important;margin-bottom: 0px !important;}&#8221; woodmart_inline=&#8221;no&#8221;][\/vc_column_inner][\/vc_row_inner][\/vc_column][vc_column parallax_scroll=&#8221;no&#8221; offset=&#8221;vc_col-md-6&#8243; css=&#8221;.vc_custom_1628147657082{margin-bottom: 4vh !important;padding-left: 30px !important;background-color: #ffffff !important;}&#8221; mobile_bg_img_hidden=&#8221;no&#8221; tablet_bg_img_hidden=&#8221;no&#8221; woodmart_parallax=&#8221;0&#8243; woodmart_sticky_column=&#8221;false&#8221; mobile_reset_margin=&#8221;no&#8221; tablet_reset_margin=&#8221;no&#8221;]\t\t\t<div id=\"wd-610940b55f090\" class=\"wd-text-block-wrapper wd-wpb wd-rs-610940b55f090 color-scheme-dark wd-width-100 text-left vc_custom_1627996365735\">\n\t\t\t\t<div class=\"woodmart-title-container woodmart-text-block reset-last-child font-primary wd-font-weight-400 \">\n\t\t\t\t\t<span class=\"add-border border-width-3 border-color-primary\"><strong>Please contact us<\/strong><\/span><br \/>\non the following phone numbers or e-mail addresses!\t\t\t\t<\/div>\n\n\t\t\t\t\t\t\t<\/div>\n\t\t\t\t\t<div id=\"wd-610941769ce47\" class=\"wd-text-block-wrapper wd-wpb wd-rs-610941769ce47 color-scheme- wd-width-90 text-left vc_custom_1627996537345\">\n\t\t\t\t<div class=\"woodmart-title-container woodmart-text-block reset-last-child font-text wd-font-weight-400 \">\n\t\t\t\t\tOur collegues at Glovita are happy to serve you at any time. Please contact us on the below mentioned phone numbers or e-mail address:\t\t\t\t<\/div>\n\n\t\t\t\t\t\t\t<\/div>\n\t\t[vc_row_inner][vc_column_inner width=&#8221;1\/2&#8243; css=&#8221;.vc_custom_1627997333092{padding-top: 10px !important;padding-bottom: 10px !important;}&#8221;]\t\t\n\t\t<div id=\"wd-6128a78c66724\" class=\"title-wrapper wd-wpb set-mb-s reset-last-child  wd-rs-6128a78c66724 wd-title-color-default wd-underline-colored wd-title-style-default wd-width-100 text-left vc_custom_1630054296251\">\n\t\t\t\n\t\t\t<div class=\"liner-continer\">\n\t\t\t\t<h4 class=\"woodmart-title-container title  wd-font-weight- wd-fontsize-l\" >Glovita Co.,Ltd<\/h4>\n\t\t\t\t\t\t\t<\/div>\n\t\t\t\n\t\t\t\n\t\t\t\n\t\t<\/div>\n\t\t\n\t\t[vc_column_text woodmart_inline=&#8221;no&#8221; text_larger=&#8221;no&#8221; css=&#8221;.vc_custom_1630054518484{margin-bottom: 0px !important;padding-bottom: 0px !important;}&#8221;]<span style=\"text-decoration: underline;\"><a href=\"https:\/\/www.google.com\/maps\/dir\/\/Gy%C5%91r,+Glovita+Keszty%C5%B1+Zrt.,+Kand%C3%B3+K%C3%A1lm%C3%A1n+utca+15,+9027\/@47.6850606,17.662803,15z\/data=!4m9!4m8!1m0!1m5!1m1!1s0x476bbf96e5a242dd:0x940f9ec54a1fbbbc!2m2!1d17.662803!2d47.6850606!3e0\" target=\"_blank\" rel=\"noopener\">9027 Gy\u0151r, Kand\u00f3 K\u00e1lm\u00e1n u. 15.<\/a><\/span>[\/vc_column_text][vc_separator color=&#8221;custom&#8221; accent_color=&#8221;#ededed&#8221; css=&#8221;.vc_custom_1627996863484{margin-top: 10px !important;margin-bottom: 10px !important;}&#8221;][vc_column_text woodmart_inline=&#8221;no&#8221; text_larger=&#8221;no&#8221;]<strong>Telephone switchboard:<br \/>\n<\/strong>+36 96\/514-010<br \/>\n<strong>Domestic sales:<br \/>\n<\/strong>+36 96\/514-012<br \/>\n<strong>Export sales:<br \/>\n<\/strong>+36 96\/514-033<br \/>\n<strong>HR:<br \/>\n<\/strong>+36 96\/514-015<\/p>\n<p><strong>E-mail:<\/strong> <a href=\"mailto:glovita@glovita.hu\">glovita@glovita.hu<\/a>[\/vc_column_text][\/vc_column_inner][\/vc_row_inner][\/vc_column][\/vc_row]<\/p>\n","protected":false},"excerpt":{"rendered":"<p>[vc_row full_width=&#8221;stretch_row_content&#8221; content_placement=&#8221;middle&#8221; woodmart_disable_overflow=&#8221;1&#8243; el_class=&#8221;z-index-10 contact-block&#8221; css=&#8221;.vc_custom_1627996996442{margin-bottom: 4vh !important;}&#8221; mobile_bg_img_hidden=&#8221;no&#8221; tablet_bg_img_hidden=&#8221;no&#8221; woodmart_parallax=&#8221;0&#8243; woodmart_gradient_switch=&#8221;no&#8221; row_reverse_mobile=&#8221;1&#8243; row_reverse_tablet=&#8221;1&#8243;][vc_column css=&#8221;.vc_custom_1535109641097{margin-top: -50px !important;margin-right: -80px !important;margin-bottom:<\/p>\n","protected":false},"author":1,"featured_media":0,"parent":0,"menu_order":0,"comment_status":"closed","ping_status":"closed","template":"","meta":{"footnotes":""},"class_list":["post-2276","page","type-page","status-publish","hentry"],"yoast_head":"<!-- This site is optimized with the Yoast SEO plugin v24.5 - https:\/\/yoast.com\/wordpress\/plugins\/seo\/ -->\n<title>Contacts - Glovita.hu<\/title>\n<meta name=\"description\" content=\"Our collegues at Glovita are happy to serve you at any time. Please contact us on the below mentioned phone numbers or e-mail address:\" \/>\n<meta name=\"robots\" content=\"index, follow, max-snippet:-1, max-image-preview:large, max-video-preview:-1\" \/>\n<link rel=\"canonical\" href=\"https:\/\/glovita.hu\/en\/contacts\/\" \/>\n<meta property=\"og:locale\" content=\"en_US\" \/>\n<meta property=\"og:type\" content=\"article\" \/>\n<meta property=\"og:title\" content=\"Contacts - Glovita.hu\" \/>\n<meta property=\"og:description\" content=\"Our collegues at Glovita are happy to serve you at any time. Please contact us on the below mentioned phone numbers or e-mail address:\" \/>\n<meta property=\"og:url\" content=\"https:\/\/glovita.hu\/en\/contacts\/\" \/>\n<meta property=\"og:site_name\" content=\"Glovita.hu\" \/>\n<meta property=\"article:modified_time\" content=\"2025-04-24T10:41:08+00:00\" \/>\n<meta property=\"og:image\" content=\"https:\/\/glovita.hu\/wp-content\/uploads\/2021\/09\/glovita-og.jpg\" \/>\n\t<meta property=\"og:image:width\" content=\"1200\" \/>\n\t<meta property=\"og:image:height\" content=\"628\" \/>\n\t<meta property=\"og:image:type\" content=\"image\/jpeg\" \/>\n<meta name=\"twitter:card\" content=\"summary_large_image\" \/>\n<meta name=\"twitter:label1\" content=\"Est. reading time\" \/>\n\t<meta name=\"twitter:data1\" content=\"2 minutes\" \/>\n<script type=\"application\/ld+json\" class=\"yoast-schema-graph\">{\"@context\":\"https:\/\/schema.org\",\"@graph\":[{\"@type\":\"WebPage\",\"@id\":\"https:\/\/glovita.hu\/en\/contacts\/\",\"url\":\"https:\/\/glovita.hu\/en\/contacts\/\",\"name\":\"Contacts - Glovita.hu\",\"isPartOf\":{\"@id\":\"https:\/\/glovita.hu\/#website\"},\"datePublished\":\"2022-02-22T07:17:54+00:00\",\"dateModified\":\"2025-04-24T10:41:08+00:00\",\"description\":\"Our collegues at Glovita are happy to serve you at any time. Please contact us on the below mentioned phone numbers or e-mail address:\",\"breadcrumb\":{\"@id\":\"https:\/\/glovita.hu\/en\/contacts\/#breadcrumb\"},\"inLanguage\":\"en-US\",\"potentialAction\":[{\"@type\":\"ReadAction\",\"target\":[\"https:\/\/glovita.hu\/en\/contacts\/\"]}]},{\"@type\":\"BreadcrumbList\",\"@id\":\"https:\/\/glovita.hu\/en\/contacts\/#breadcrumb\",\"itemListElement\":[{\"@type\":\"ListItem\",\"position\":1,\"name\":\"Kezd\u0151lap\",\"item\":\"https:\/\/glovita.hu\/en\/\"},{\"@type\":\"ListItem\",\"position\":2,\"name\":\"Contacts\"}]},{\"@type\":\"WebSite\",\"@id\":\"https:\/\/glovita.hu\/#website\",\"url\":\"https:\/\/glovita.hu\/\",\"name\":\"Glovita.hu\",\"description\":\"Teljes k\u00f6r\u0171 k\u00e9zv\u00e9delmi megold\u00e1sok a gy\u00e1rt\u00f3t\u00f3l\",\"publisher\":{\"@id\":\"https:\/\/glovita.hu\/#organization\"},\"potentialAction\":[{\"@type\":\"SearchAction\",\"target\":{\"@type\":\"EntryPoint\",\"urlTemplate\":\"https:\/\/glovita.hu\/?s={search_term_string}\"},\"query-input\":{\"@type\":\"PropertyValueSpecification\",\"valueRequired\":true,\"valueName\":\"search_term_string\"}}],\"inLanguage\":\"en-US\"},{\"@type\":\"Organization\",\"@id\":\"https:\/\/glovita.hu\/#organization\",\"name\":\"Glovita\",\"url\":\"https:\/\/glovita.hu\/\",\"logo\":{\"@type\":\"ImageObject\",\"inLanguage\":\"en-US\",\"@id\":\"https:\/\/glovita.hu\/#\/schema\/logo\/image\/\",\"url\":\"https:\/\/glovita.hu\/wp-content\/uploads\/2021\/04\/glovita-logo.svg\",\"contentUrl\":\"https:\/\/glovita.hu\/wp-content\/uploads\/2021\/04\/glovita-logo.svg\",\"width\":250,\"height\":161,\"caption\":\"Glovita\"},\"image\":{\"@id\":\"https:\/\/glovita.hu\/#\/schema\/logo\/image\/\"}}]}<\/script>\n<!-- \/ Yoast SEO plugin. -->","yoast_head_json":{"title":"Contacts - Glovita.hu","description":"Our collegues at Glovita are happy to serve you at any time. Please contact us on the below mentioned phone numbers or e-mail address:","robots":{"index":"index","follow":"follow","max-snippet":"max-snippet:-1","max-image-preview":"max-image-preview:large","max-video-preview":"max-video-preview:-1"},"canonical":"https:\/\/glovita.hu\/en\/contacts\/","og_locale":"en_US","og_type":"article","og_title":"Contacts - Glovita.hu","og_description":"Our collegues at Glovita are happy to serve you at any time. Please contact us on the below mentioned phone numbers or e-mail address:","og_url":"https:\/\/glovita.hu\/en\/contacts\/","og_site_name":"Glovita.hu","article_modified_time":"2025-04-24T10:41:08+00:00","og_image":[{"width":1200,"height":628,"url":"https:\/\/glovita.hu\/wp-content\/uploads\/2021\/09\/glovita-og.jpg","type":"image\/jpeg"}],"twitter_card":"summary_large_image","twitter_misc":{"Est. reading time":"2 minutes"},"schema":{"@context":"https:\/\/schema.org","@graph":[{"@type":"WebPage","@id":"https:\/\/glovita.hu\/en\/contacts\/","url":"https:\/\/glovita.hu\/en\/contacts\/","name":"Contacts - Glovita.hu","isPartOf":{"@id":"https:\/\/glovita.hu\/#website"},"datePublished":"2022-02-22T07:17:54+00:00","dateModified":"2025-04-24T10:41:08+00:00","description":"Our collegues at Glovita are happy to serve you at any time. Please contact us on the below mentioned phone numbers or e-mail address:","breadcrumb":{"@id":"https:\/\/glovita.hu\/en\/contacts\/#breadcrumb"},"inLanguage":"en-US","potentialAction":[{"@type":"ReadAction","target":["https:\/\/glovita.hu\/en\/contacts\/"]}]},{"@type":"BreadcrumbList","@id":"https:\/\/glovita.hu\/en\/contacts\/#breadcrumb","itemListElement":[{"@type":"ListItem","position":1,"name":"Kezd\u0151lap","item":"https:\/\/glovita.hu\/en\/"},{"@type":"ListItem","position":2,"name":"Contacts"}]},{"@type":"WebSite","@id":"https:\/\/glovita.hu\/#website","url":"https:\/\/glovita.hu\/","name":"Glovita.hu","description":"Teljes k\u00f6r\u0171 k\u00e9zv\u00e9delmi megold\u00e1sok a gy\u00e1rt\u00f3t\u00f3l","publisher":{"@id":"https:\/\/glovita.hu\/#organization"},"potentialAction":[{"@type":"SearchAction","target":{"@type":"EntryPoint","urlTemplate":"https:\/\/glovita.hu\/?s={search_term_string}"},"query-input":{"@type":"PropertyValueSpecification","valueRequired":true,"valueName":"search_term_string"}}],"inLanguage":"en-US"},{"@type":"Organization","@id":"https:\/\/glovita.hu\/#organization","name":"Glovita","url":"https:\/\/glovita.hu\/","logo":{"@type":"ImageObject","inLanguage":"en-US","@id":"https:\/\/glovita.hu\/#\/schema\/logo\/image\/","url":"https:\/\/glovita.hu\/wp-content\/uploads\/2021\/04\/glovita-logo.svg","contentUrl":"https:\/\/glovita.hu\/wp-content\/uploads\/2021\/04\/glovita-logo.svg","width":250,"height":161,"caption":"Glovita"},"image":{"@id":"https:\/\/glovita.hu\/#\/schema\/logo\/image\/"}}]}},"_links":{"self":[{"href":"https:\/\/glovita.hu\/en\/wp-json\/wp\/v2\/pages\/2276","targetHints":{"allow":["GET"]}}],"collection":[{"href":"https:\/\/glovita.hu\/en\/wp-json\/wp\/v2\/pages"}],"about":[{"href":"https:\/\/glovita.hu\/en\/wp-json\/wp\/v2\/types\/page"}],"author":[{"embeddable":true,"href":"https:\/\/glovita.hu\/en\/wp-json\/wp\/v2\/users\/1"}],"replies":[{"embeddable":true,"href":"https:\/\/glovita.hu\/en\/wp-json\/wp\/v2\/comments?post=2276"}],"version-history":[{"count":5,"href":"https:\/\/glovita.hu\/en\/wp-json\/wp\/v2\/pages\/2276\/revisions"}],"predecessor-version":[{"id":2789,"href":"https:\/\/glovita.hu\/en\/wp-json\/wp\/v2\/pages\/2276\/revisions\/2789"}],"wp:attachment":[{"href":"https:\/\/glovita.hu\/en\/wp-json\/wp\/v2\/media?parent=2276"}],"curies":[{"name":"wp","href":"https:\/\/api.w.org\/{rel}","templated":true}]}}