{"id":2430,"date":"2022-02-25T07:21:30","date_gmt":"2022-02-25T07:21:30","guid":{"rendered":"https:\/\/glovita.hu\/standards\/"},"modified":"2022-02-25T07:21:35","modified_gmt":"2022-02-25T07:21:35","slug":"standards","status":"publish","type":"page","link":"https:\/\/glovita.hu\/en\/standards\/","title":{"rendered":"Standards"},"content":{"rendered":"<p>[vc_row][vc_column width=&#8221;1\/6&#8243;][\/vc_column][vc_column width=&#8221;2\/3&#8243; css=&#8221;.vc_custom_1626250261167{background-color: #f2f2f2 !important;}&#8221; mobile_bg_img_hidden=&#8221;no&#8221; tablet_bg_img_hidden=&#8221;no&#8221; woodmart_parallax=&#8221;0&#8243; woodmart_sticky_column=&#8221;false&#8221; parallax_scroll=&#8221;no&#8221; mobile_reset_margin=&#8221;no&#8221; tablet_reset_margin=&#8221;no&#8221;]\t\t\n\t\t<div id=\"wd-60ee9a6d07063\" class=\"title-wrapper wd-wpb set-mb-s reset-last-child  wd-rs-60ee9a6d07063 wd-title-color-default wd-underline-colored wd-title-style-default wd-width-100 text-left \">\n\t\t\t\n\t\t\t<div class=\"liner-continer\">\n\t\t\t\t<h4 class=\"woodmart-title-container title  wd-font-weight- wd-fontsize-l\" >EN 420 GENERAL REQUIREMENTS FOR PROTECTIVE GLOVES<\/h4>\n\t\t\t\t\t\t\t<\/div>\n\t\t\t\n\t\t\t\n\t\t\t\n\t\t<\/div>\n\t\t\n\t\t[vc_column_text woodmart_inline=&#8221;no&#8221; text_larger=&#8221;no&#8221;]<\/p>\n<ul>\n<li>appropriate pH value (3,5&lt; ph &gt;9,5)<\/li>\n<li>Dexterity (5 levels of performance)<\/li>\n<li>water permeability (5 levels of performance)<\/li>\n<li>impermeability (for leather gloves 30-180 min)<\/li>\n<li>free form substances harmful for the health (chromium&lt;10 mg\/kg)<\/li>\n<li>Compulsory markings<\/li>\n<li>appropriate sizing*<\/li>\n<\/ul>\n<p>*The standard specifies only the minimal lenght of the gloves.The actual size of the gloves is defined by the producer considering the behaviour of the material of the gloves and the predictable application[\/vc_column_text][\/vc_column][vc_column width=&#8221;1\/6&#8243;][\/vc_column][\/vc_row][vc_row equal_height=&#8221;yes&#8221; css=&#8221;.vc_custom_1629184252158{margin-top: 70px !important;}&#8221; mobile_bg_img_hidden=&#8221;no&#8221; tablet_bg_img_hidden=&#8221;no&#8221; woodmart_parallax=&#8221;0&#8243; woodmart_gradient_switch=&#8221;no&#8221; row_reverse_mobile=&#8221;0&#8243; row_reverse_tablet=&#8221;0&#8243; woodmart_disable_overflow=&#8221;0&#8243;][vc_column mobile_bg_img_hidden=&#8221;no&#8221; tablet_bg_img_hidden=&#8221;no&#8221; woodmart_parallax=&#8221;0&#8243; woodmart_sticky_column=&#8221;false&#8221; parallax_scroll=&#8221;no&#8221; mobile_reset_margin=&#8221;no&#8221; tablet_reset_margin=&#8221;no&#8221;][vc_row_inner][vc_column_inner width=&#8221;2\/12&#8243;][vc_single_image image=&#8221;1471&#8243; woodmart_inline=&#8221;no&#8221; parallax_scroll=&#8221;no&#8221; el_class=&#8221;szabvany-img&#8221;][\/vc_column_inner][vc_column_inner width=&#8221;10\/12&#8243;]\t\t\n\t\t<div id=\"wd-60ed9beb9172d\" class=\"title-wrapper wd-wpb set-mb-s reset-last-child  wd-rs-60ed9beb9172d wd-title-color-default wd-underline-colored wd-title-style-default wd-width-100 text-left \">\n\t\t\t\n\t\t\t<div class=\"liner-continer\">\n\t\t\t\t<h4 class=\"woodmart-title-container title  wd-font-weight- wd-fontsize-l\" >EN 388 MECHANICAL REQUIREMENTS<\/h4>\n\t\t\t\t\t\t\t<\/div>\n\t\t\t\n\t\t\t\n\t\t\t\n\t\t<\/div>\n\t\t\n\t\t[vc_column_text woodmart_inline=&#8221;no&#8221; text_larger=&#8221;no&#8221;]EN 388 standard refers to all types of gloves regarding phisical and mechanical agressions such as abrasion,cut,puncture and tear. This standard can be used together only with EN 420 standard (performance levels: 1-5 and A-F. Not tested performance levels are maked with:X)[\/vc_column_text][\/vc_column_inner][\/vc_row_inner][vc_column_text woodmart_inline=&#8221;no&#8221; text_larger=&#8221;no&#8221; el_class=&#8221;resp-table centeralign-3&#8243;]<\/p>\n<table>\n<tbody>\n<tr>\n<td><\/td>\n<td><strong>Testing<\/strong><\/td>\n<td><strong>1. level<\/strong><\/td>\n<td><strong>2. level<\/strong><\/td>\n<td><strong>3. level<\/strong><\/td>\n<td><strong>4. level<\/strong><\/td>\n<td><strong>5. level<\/strong><\/td>\n<\/tr>\n<tr>\n<td><strong>A<\/strong><\/td>\n<td>Abrasion (number of cycles)<\/td>\n<td>100<\/td>\n<td>500<\/td>\n<td>2000<\/td>\n<td>8000<\/td>\n<td>&#8211;<\/td>\n<\/tr>\n<tr>\n<td><strong>B<\/strong><\/td>\n<td>Resistance to cuts (index numbers)<\/td>\n<td>1,2<\/td>\n<td>2,5<\/td>\n<td>5<\/td>\n<td>10<\/td>\n<td>20<\/td>\n<\/tr>\n<tr>\n<td><strong>C<\/strong><\/td>\n<td>Tear strenght resistance (N)<\/td>\n<td>10<\/td>\n<td>25<\/td>\n<td>50<\/td>\n<td>75<\/td>\n<td>&#8211;<\/td>\n<\/tr>\n<tr>\n<td><strong>D<\/strong><\/td>\n<td>Puncture resistance (N)<\/td>\n<td>20<\/td>\n<td>60<\/td>\n<td>100<\/td>\n<td>150<\/td>\n<td>&#8211;<\/td>\n<\/tr>\n<\/tbody>\n<\/table>\n<p>[\/vc_column_text][vc_column_text woodmart_inline=&#8221;no&#8221; text_larger=&#8221;no&#8221; el_class=&#8221;resp-table centeralign-3&#8243;]<\/p>\n<table>\n<tbody>\n<tr>\n<td><\/td>\n<td><strong>Test<\/strong><\/td>\n<td><strong>A<\/strong><\/td>\n<td><strong>B<\/strong><\/td>\n<td><strong>C<\/strong><\/td>\n<td><strong>D<\/strong><\/td>\n<td><strong>E<\/strong><\/td>\n<td><strong>F<\/strong><\/td>\n<\/tr>\n<tr>\n<td><strong>E<\/strong><\/td>\n<td>TDM &#8211; Blade cut resistance (N)<\/td>\n<td>\u22652<\/td>\n<td>\u22655<\/td>\n<td>\u226510<\/td>\n<td>\u226515<\/td>\n<td>\u226522<\/td>\n<td>\u226530<\/td>\n<\/tr>\n<\/tbody>\n<\/table>\n<p>[\/vc_column_text]\t\t\n\t\t<div id=\"wd-60ee9a1bf2670\" class=\"title-wrapper wd-wpb set-mb-s reset-last-child  wd-rs-60ee9a1bf2670 wd-title-color-default wd-underline-colored wd-title-style-default wd-width-100 text-left vc_custom_1626249759325\">\n\t\t\t\n\t\t\t<div class=\"liner-continer\">\n\t\t\t\t<h4 class=\"woodmart-title-container title  wd-font-weight-700 wd-fontsize-m\" >Requirements<\/h4>\n\t\t\t\t\t\t\t<\/div>\n\t\t\t\n\t\t\t\n\t\t\t\n\t\t<\/div>\n\t\t\n\t\t[vc_column_text woodmart_inline=&#8221;no&#8221; text_larger=&#8221;no&#8221;]<strong>Abrasion resistance:<\/strong> Number of cycles after the material is damaged Performance levels 1-4.<br \/>\n<strong>B Abrasion resistance:<\/strong> Number of cycles with even speed after the material is damaged. Performance levels: 1-5<br \/>\n<strong>C Tear strenght:<\/strong> Maximum strenght under the material breaks away.<br \/>\n<strong>D Puncture resistance:<\/strong> Strenght needed for puncutre by a unified tool. Performance levels 1-4.<br \/>\n<strong>E (TDM cut test):<\/strong> Measures the average weight when reaches the moment of the cut. Performance levels A-F[\/vc_column_text][\/vc_column][\/vc_row][vc_row css=&#8221;.vc_custom_1626249389305{margin-top: 50px !important;}&#8221; mobile_bg_img_hidden=&#8221;no&#8221; tablet_bg_img_hidden=&#8221;no&#8221; woodmart_parallax=&#8221;0&#8243; woodmart_gradient_switch=&#8221;no&#8221; row_reverse_mobile=&#8221;0&#8243; row_reverse_tablet=&#8221;0&#8243; woodmart_disable_overflow=&#8221;0&#8243;][vc_column][vc_row_inner][vc_column_inner width=&#8221;2\/12&#8243;][vc_single_image image=&#8221;1469&#8243; woodmart_inline=&#8221;no&#8221; parallax_scroll=&#8221;no&#8221; el_class=&#8221;szabvany-img&#8221;][\/vc_column_inner][vc_column_inner width=&#8221;10\/12&#8243;]\t\t\n\t\t<div id=\"wd-60ee96c8769a0\" class=\"title-wrapper wd-wpb set-mb-s reset-last-child  wd-rs-60ee96c8769a0 wd-title-color-default wd-underline-colored wd-title-style-default wd-width-100 text-left \">\n\t\t\t\n\t\t\t<div class=\"liner-continer\">\n\t\t\t\t<h4 class=\"woodmart-title-container title  wd-font-weight- wd-fontsize-l\" >EN 407 PROTECTION AGAINST THERMAL RISKS<\/h4>\n\t\t\t\t\t\t\t<\/div>\n\t\t\t\n\t\t\t\n\t\t\t\n\t\t<\/div>\n\t\t\n\t\t[vc_column_text woodmart_inline=&#8221;no&#8221; text_larger=&#8221;no&#8221;]This standard regulates the testing methods,the general requirements, the protection levels against heat and their marking. The pictogramme is completed by 6 digits.[\/vc_column_text][\/vc_column_inner][\/vc_row_inner][vc_column_text woodmart_inline=&#8221;no&#8221; text_larger=&#8221;no&#8221; el_class=&#8221;resp-table centeralign-3&#8243;]<\/p>\n<table>\n<tbody>\n<tr>\n<td><\/td>\n<td><strong>Types of thermal protection<\/strong><\/td>\n<td><strong>Performance levels:<\/strong><\/td>\n<td><strong>1<\/strong><\/td>\n<td><strong>3<\/strong><\/td>\n<td><strong>3<\/strong><\/td>\n<td><strong>4<\/strong><\/td>\n<\/tr>\n<tr>\n<td><strong>A<\/strong><\/td>\n<td>Burning behaviour (after 15 sec burning beside the soundness of the seams)<\/td>\n<td>Afterburning period<br \/>\nAfter ignition period<\/td>\n<td>\u2264 20 s<br \/>\n&#8211;<\/td>\n<td>\u2264 20 s<br \/>\n\u2264 120 s<\/td>\n<td>\u2264 3 s<br \/>\n\u2264 25 s<\/td>\n<td>\u2264 2 s<br \/>\n\u2264 5 s<\/td>\n<\/tr>\n<tr>\n<td><strong>B<\/strong><\/td>\n<td>Contact heat (by how many degrees raises the inner surface temperature by 10 C)<\/td>\n<td>Convective heat<br \/>\nTreshold time<\/td>\n<td>\u2264 100\u00b0C<br \/>\n&gt;15 s<\/td>\n<td>\u2264 250\u00b0C<br \/>\n&gt;15 s<\/td>\n<td>\u2264 350\u00b0C<br \/>\n&gt;15 s<\/td>\n<td>\u2264 500\u00b0C<br \/>\n&gt;15 s<\/td>\n<\/tr>\n<tr>\n<td><strong>C<\/strong><\/td>\n<td>Convective heat (in how many sec the inner heat raises by 24 C)<\/td>\n<td>Heat transfer index HTI (t3)<\/td>\n<td>\u2265 4 s<\/td>\n<td>\u2265 7 s<\/td>\n<td>\u2265 10 s<\/td>\n<td>\u2265 18 s<\/td>\n<\/tr>\n<tr>\n<td><strong>D<\/strong><\/td>\n<td>Radiant heat (20 kW\/m\u00b2 heatflux density until indicated time)<\/td>\n<td>Heat transfer index HTI (t3)<\/td>\n<td>\u2265 5 s<\/td>\n<td>\u2265 30 s<\/td>\n<td>\u2265 90 s<\/td>\n<td>\u2265 150 s<\/td>\n<\/tr>\n<tr>\n<td><strong>E<\/strong><\/td>\n<td>Small splashes of molten metal (how many splashes genarate temperature raise of 40 C)<\/td>\n<td>Number of splashes (0,5 g\/db)<\/td>\n<td>\u22655<\/td>\n<td>&gt;15<\/td>\n<td>&gt;25<\/td>\n<td>&gt;35<\/td>\n<\/tr>\n<tr>\n<td><strong>F<\/strong><\/td>\n<td>Large quantities of molten metal (the quantity of molten metal not causing changes on the surface of the gloves)<\/td>\n<td>Quantity of splashes (g)<\/td>\n<td>&gt;30<\/td>\n<td>&gt;60<\/td>\n<td>&gt;120<\/td>\n<td>&gt;200<\/td>\n<\/tr>\n<\/tbody>\n<\/table>\n<p>[\/vc_column_text][\/vc_column][\/vc_row][vc_row css=&#8221;.vc_custom_1626249393992{margin-top: 50px !important;}&#8221; mobile_bg_img_hidden=&#8221;no&#8221; tablet_bg_img_hidden=&#8221;no&#8221; woodmart_parallax=&#8221;0&#8243; woodmart_gradient_switch=&#8221;no&#8221; row_reverse_mobile=&#8221;0&#8243; row_reverse_tablet=&#8221;0&#8243; woodmart_disable_overflow=&#8221;0&#8243;][vc_column][vc_row_inner][vc_column_inner width=&#8221;2\/12&#8243;][vc_single_image image=&#8221;1473&#8243; woodmart_inline=&#8221;no&#8221; parallax_scroll=&#8221;no&#8221; el_class=&#8221;szabvany-img&#8221;][\/vc_column_inner][vc_column_inner width=&#8221;10\/12&#8243;]\t\t\n\t\t<div id=\"wd-60ee982eec2da\" class=\"title-wrapper wd-wpb set-mb-s reset-last-child  wd-rs-60ee982eec2da wd-title-color-default wd-underline-colored wd-title-style-default wd-width-100 text-left \">\n\t\t\t\n\t\t\t<div class=\"liner-continer\">\n\t\t\t\t<h4 class=\"woodmart-title-container title  wd-font-weight- wd-fontsize-l\" >EN 374 Protection against chemicals<\/h4>\n\t\t\t\t\t\t\t<\/div>\n\t\t\t\n\t\t\t\n\t\t\t\n\t\t<\/div>\n\t\t\n\t\t[vc_column_text woodmart_inline=&#8221;no&#8221; text_larger=&#8221;no&#8221;]During the examination of resistance of the penatration of chemicals the test veryfies that at least 3 chemicals from the chosen chart does not penetrate for minimum 30 minutes on molecular level does not diffund on the material of the protective gloves.(ISO 374-1:2016\/Type B). Novelty in the standard is that further 6 chemicals can be tested on the gloves (ISO 374-1:2016\/Type A).[\/vc_column_text][\/vc_column_inner][\/vc_row_inner][vc_column_text woodmart_inline=&#8221;no&#8221; text_larger=&#8221;no&#8221; el_class=&#8221;resp-table&#8221;]<\/p>\n<table>\n<tbody>\n<tr>\n<td><strong>Marking<\/strong><\/td>\n<td><strong>Chemical<\/strong><\/td>\n<td><strong>Class<\/strong><\/td>\n<\/tr>\n<tr>\n<td><strong>A<\/strong><\/td>\n<td>Metanol<\/td>\n<td>Alcohol<\/td>\n<\/tr>\n<tr>\n<td><strong>B<\/strong><\/td>\n<td>Aceton<\/td>\n<td>Keton<\/td>\n<\/tr>\n<tr>\n<td><strong>C<\/strong><\/td>\n<td>Acetonitril<\/td>\n<td>Nitril<\/td>\n<\/tr>\n<tr>\n<td><strong>D<\/strong><\/td>\n<td>Dicholre-methan<\/td>\n<td>Paraffin saturated by chlorine<\/td>\n<\/tr>\n<tr>\n<td><strong>E<\/strong><\/td>\n<td>Carbon dissulfid<\/td>\n<td>Sulphure+organic component<\/td>\n<\/tr>\n<tr>\n<td><strong>F<\/strong><\/td>\n<td>Toluol<\/td>\n<td>Aromatic carbon hydrogen<\/td>\n<\/tr>\n<tr>\n<td><strong>G<\/strong><\/td>\n<td>Dietilamin<\/td>\n<td>Amin<\/td>\n<\/tr>\n<tr>\n<td><strong>H<\/strong><\/td>\n<td>Tetrahidrofuran<\/td>\n<td>Heterocyclic ether<\/td>\n<\/tr>\n<tr>\n<td><strong>I<\/strong><\/td>\n<td>Ethyl acetate<\/td>\n<td>Esther<\/td>\n<\/tr>\n<tr>\n<td><strong>J<\/strong><\/td>\n<td>n-Hephtan<\/td>\n<td>Saturated carbohydrogen<\/td>\n<\/tr>\n<tr>\n<td><strong>K<\/strong><\/td>\n<td>Natron 40%<\/td>\n<td>Inorganic base<\/td>\n<\/tr>\n<tr>\n<td><strong>L<\/strong><\/td>\n<td>Sulfuric acid 96%<\/td>\n<td>Inorganic acid<\/td>\n<\/tr>\n<tr>\n<td><strong>M<\/strong><\/td>\n<td>M 65% nitric acid<\/td>\n<td>Inorganic mineral acid, oxidant<\/td>\n<\/tr>\n<tr>\n<td><strong>N<\/strong><\/td>\n<td>99% acetic acid<\/td>\n<td>Organic acid<\/td>\n<\/tr>\n<tr>\n<td><strong>O<\/strong><\/td>\n<td>Ammonium-hydroxid 25%<\/td>\n<td>Organic acid<\/td>\n<\/tr>\n<tr>\n<td><strong>P<\/strong><\/td>\n<td>30% Hydrogen-peroxid<\/td>\n<td>Peroxid<\/td>\n<\/tr>\n<tr>\n<td><strong>S<\/strong><\/td>\n<td>40% Hydrogen-fluorid acid<\/td>\n<td>Inorganic acid, contact poison<\/td>\n<\/tr>\n<tr>\n<td><strong>T<\/strong><\/td>\n<td>37% formaldehyde<\/td>\n<td>Aldehid<\/td>\n<\/tr>\n<\/tbody>\n<\/table>\n<p>[\/vc_column_text][\/vc_column][\/vc_row][vc_row css=&#8221;.vc_custom_1626249393992{margin-top: 50px !important;}&#8221; mobile_bg_img_hidden=&#8221;no&#8221; tablet_bg_img_hidden=&#8221;no&#8221; woodmart_parallax=&#8221;0&#8243; woodmart_gradient_switch=&#8221;no&#8221; row_reverse_mobile=&#8221;0&#8243; row_reverse_tablet=&#8221;0&#8243; woodmart_disable_overflow=&#8221;0&#8243;][vc_column width=&#8221;2\/12&#8243;][vc_single_image image=&#8221;1474&#8243; woodmart_inline=&#8221;no&#8221; parallax_scroll=&#8221;no&#8221; el_class=&#8221;szabvany-img&#8221;][\/vc_column][vc_column width=&#8221;10\/12&#8243;]\t\t\n\t\t<div id=\"wd-60ee996198df4\" class=\"title-wrapper wd-wpb set-mb-s reset-last-child  wd-rs-60ee996198df4 wd-title-color-default wd-underline-colored wd-title-style-default wd-width-100 text-left \">\n\t\t\t\n\t\t\t<div class=\"liner-continer\">\n\t\t\t\t<h4 class=\"woodmart-title-container title  wd-font-weight- wd-fontsize-l\" >EN 374-5:2016 PROTECTION AGAINST MICROORGANISMS<\/h4>\n\t\t\t\t\t\t\t<\/div>\n\t\t\t\n\t\t\t\n\t\t\t\n\t\t<\/div>\n\t\t\n\t\t[vc_column_text woodmart_inline=&#8221;no&#8221; text_larger=&#8221;no&#8221;]Microorganisms are classified as bacteria,viruses or fungus. Protective gloves against viruses must meet the standard ISO 16604:2004 too.[\/vc_column_text][\/vc_column][\/vc_row]<\/p>\n","protected":false},"excerpt":{"rendered":"<p>[vc_row][vc_column width=&#8221;1\/6&#8243;][\/vc_column][vc_column width=&#8221;2\/3&#8243; css=&#8221;.vc_custom_1626250261167{background-color: #f2f2f2 !important;}&#8221; mobile_bg_img_hidden=&#8221;no&#8221; tablet_bg_img_hidden=&#8221;no&#8221; woodmart_parallax=&#8221;0&#8243; woodmart_sticky_column=&#8221;false&#8221; parallax_scroll=&#8221;no&#8221; mobile_reset_margin=&#8221;no&#8221; tablet_reset_margin=&#8221;no&#8221;][vc_column_text woodmart_inline=&#8221;no&#8221; text_larger=&#8221;no&#8221;] appropriate pH value (3,5&lt; ph<\/p>\n","protected":false},"author":1,"featured_media":0,"parent":0,"menu_order":0,"comment_status":"closed","ping_status":"closed","template":"","meta":{"footnotes":""},"class_list":["post-2430","page","type-page","status-publish","hentry"],"yoast_head":"<!-- This site is optimized with the Yoast SEO plugin v24.5 - https:\/\/yoast.com\/wordpress\/plugins\/seo\/ -->\n<title>Standards - Glovita.hu<\/title>\n<meta name=\"description\" content=\"Learn more about safety gloves standards\" \/>\n<meta name=\"robots\" content=\"index, follow, max-snippet:-1, max-image-preview:large, max-video-preview:-1\" \/>\n<link rel=\"canonical\" href=\"https:\/\/glovita.hu\/en\/standards\/\" \/>\n<meta property=\"og:locale\" content=\"en_US\" \/>\n<meta property=\"og:type\" content=\"article\" \/>\n<meta property=\"og:title\" content=\"Standards - Glovita.hu\" \/>\n<meta property=\"og:description\" content=\"Learn more about safety gloves standards\" \/>\n<meta property=\"og:url\" content=\"https:\/\/glovita.hu\/en\/standards\/\" \/>\n<meta property=\"og:site_name\" content=\"Glovita.hu\" \/>\n<meta property=\"article:modified_time\" content=\"2022-02-25T07:21:35+00:00\" \/>\n<meta property=\"og:image\" content=\"https:\/\/glovita.hu\/wp-content\/uploads\/2021\/09\/glovita-og.jpg\" \/>\n\t<meta property=\"og:image:width\" content=\"1200\" \/>\n\t<meta property=\"og:image:height\" content=\"628\" \/>\n\t<meta property=\"og:image:type\" content=\"image\/jpeg\" \/>\n<meta name=\"twitter:card\" content=\"summary_large_image\" \/>\n<meta name=\"twitter:label1\" content=\"Est. reading time\" \/>\n\t<meta name=\"twitter:data1\" content=\"6 minutes\" \/>\n<script type=\"application\/ld+json\" class=\"yoast-schema-graph\">{\"@context\":\"https:\/\/schema.org\",\"@graph\":[{\"@type\":\"WebPage\",\"@id\":\"https:\/\/glovita.hu\/en\/standards\/\",\"url\":\"https:\/\/glovita.hu\/en\/standards\/\",\"name\":\"Standards - Glovita.hu\",\"isPartOf\":{\"@id\":\"https:\/\/glovita.hu\/#website\"},\"datePublished\":\"2022-02-25T07:21:30+00:00\",\"dateModified\":\"2022-02-25T07:21:35+00:00\",\"description\":\"Learn more about safety gloves standards\",\"breadcrumb\":{\"@id\":\"https:\/\/glovita.hu\/en\/standards\/#breadcrumb\"},\"inLanguage\":\"en-US\",\"potentialAction\":[{\"@type\":\"ReadAction\",\"target\":[\"https:\/\/glovita.hu\/en\/standards\/\"]}]},{\"@type\":\"BreadcrumbList\",\"@id\":\"https:\/\/glovita.hu\/en\/standards\/#breadcrumb\",\"itemListElement\":[{\"@type\":\"ListItem\",\"position\":1,\"name\":\"Kezd\u0151lap\",\"item\":\"https:\/\/glovita.hu\/en\/\"},{\"@type\":\"ListItem\",\"position\":2,\"name\":\"Standards\"}]},{\"@type\":\"WebSite\",\"@id\":\"https:\/\/glovita.hu\/#website\",\"url\":\"https:\/\/glovita.hu\/\",\"name\":\"Glovita.hu\",\"description\":\"Teljes k\u00f6r\u0171 k\u00e9zv\u00e9delmi megold\u00e1sok a gy\u00e1rt\u00f3t\u00f3l\",\"publisher\":{\"@id\":\"https:\/\/glovita.hu\/#organization\"},\"potentialAction\":[{\"@type\":\"SearchAction\",\"target\":{\"@type\":\"EntryPoint\",\"urlTemplate\":\"https:\/\/glovita.hu\/?s={search_term_string}\"},\"query-input\":{\"@type\":\"PropertyValueSpecification\",\"valueRequired\":true,\"valueName\":\"search_term_string\"}}],\"inLanguage\":\"en-US\"},{\"@type\":\"Organization\",\"@id\":\"https:\/\/glovita.hu\/#organization\",\"name\":\"Glovita\",\"url\":\"https:\/\/glovita.hu\/\",\"logo\":{\"@type\":\"ImageObject\",\"inLanguage\":\"en-US\",\"@id\":\"https:\/\/glovita.hu\/#\/schema\/logo\/image\/\",\"url\":\"https:\/\/glovita.hu\/wp-content\/uploads\/2021\/04\/glovita-logo.svg\",\"contentUrl\":\"https:\/\/glovita.hu\/wp-content\/uploads\/2021\/04\/glovita-logo.svg\",\"width\":250,\"height\":161,\"caption\":\"Glovita\"},\"image\":{\"@id\":\"https:\/\/glovita.hu\/#\/schema\/logo\/image\/\"}}]}<\/script>\n<!-- \/ Yoast SEO plugin. -->","yoast_head_json":{"title":"Standards - Glovita.hu","description":"Learn more about safety gloves standards","robots":{"index":"index","follow":"follow","max-snippet":"max-snippet:-1","max-image-preview":"max-image-preview:large","max-video-preview":"max-video-preview:-1"},"canonical":"https:\/\/glovita.hu\/en\/standards\/","og_locale":"en_US","og_type":"article","og_title":"Standards - Glovita.hu","og_description":"Learn more about safety gloves standards","og_url":"https:\/\/glovita.hu\/en\/standards\/","og_site_name":"Glovita.hu","article_modified_time":"2022-02-25T07:21:35+00:00","og_image":[{"width":1200,"height":628,"url":"https:\/\/glovita.hu\/wp-content\/uploads\/2021\/09\/glovita-og.jpg","type":"image\/jpeg"}],"twitter_card":"summary_large_image","twitter_misc":{"Est. reading time":"6 minutes"},"schema":{"@context":"https:\/\/schema.org","@graph":[{"@type":"WebPage","@id":"https:\/\/glovita.hu\/en\/standards\/","url":"https:\/\/glovita.hu\/en\/standards\/","name":"Standards - Glovita.hu","isPartOf":{"@id":"https:\/\/glovita.hu\/#website"},"datePublished":"2022-02-25T07:21:30+00:00","dateModified":"2022-02-25T07:21:35+00:00","description":"Learn more about safety gloves standards","breadcrumb":{"@id":"https:\/\/glovita.hu\/en\/standards\/#breadcrumb"},"inLanguage":"en-US","potentialAction":[{"@type":"ReadAction","target":["https:\/\/glovita.hu\/en\/standards\/"]}]},{"@type":"BreadcrumbList","@id":"https:\/\/glovita.hu\/en\/standards\/#breadcrumb","itemListElement":[{"@type":"ListItem","position":1,"name":"Kezd\u0151lap","item":"https:\/\/glovita.hu\/en\/"},{"@type":"ListItem","position":2,"name":"Standards"}]},{"@type":"WebSite","@id":"https:\/\/glovita.hu\/#website","url":"https:\/\/glovita.hu\/","name":"Glovita.hu","description":"Teljes k\u00f6r\u0171 k\u00e9zv\u00e9delmi megold\u00e1sok a gy\u00e1rt\u00f3t\u00f3l","publisher":{"@id":"https:\/\/glovita.hu\/#organization"},"potentialAction":[{"@type":"SearchAction","target":{"@type":"EntryPoint","urlTemplate":"https:\/\/glovita.hu\/?s={search_term_string}"},"query-input":{"@type":"PropertyValueSpecification","valueRequired":true,"valueName":"search_term_string"}}],"inLanguage":"en-US"},{"@type":"Organization","@id":"https:\/\/glovita.hu\/#organization","name":"Glovita","url":"https:\/\/glovita.hu\/","logo":{"@type":"ImageObject","inLanguage":"en-US","@id":"https:\/\/glovita.hu\/#\/schema\/logo\/image\/","url":"https:\/\/glovita.hu\/wp-content\/uploads\/2021\/04\/glovita-logo.svg","contentUrl":"https:\/\/glovita.hu\/wp-content\/uploads\/2021\/04\/glovita-logo.svg","width":250,"height":161,"caption":"Glovita"},"image":{"@id":"https:\/\/glovita.hu\/#\/schema\/logo\/image\/"}}]}},"_links":{"self":[{"href":"https:\/\/glovita.hu\/en\/wp-json\/wp\/v2\/pages\/2430","targetHints":{"allow":["GET"]}}],"collection":[{"href":"https:\/\/glovita.hu\/en\/wp-json\/wp\/v2\/pages"}],"about":[{"href":"https:\/\/glovita.hu\/en\/wp-json\/wp\/v2\/types\/page"}],"author":[{"embeddable":true,"href":"https:\/\/glovita.hu\/en\/wp-json\/wp\/v2\/users\/1"}],"replies":[{"embeddable":true,"href":"https:\/\/glovita.hu\/en\/wp-json\/wp\/v2\/comments?post=2430"}],"version-history":[{"count":5,"href":"https:\/\/glovita.hu\/en\/wp-json\/wp\/v2\/pages\/2430\/revisions"}],"predecessor-version":[{"id":2435,"href":"https:\/\/glovita.hu\/en\/wp-json\/wp\/v2\/pages\/2430\/revisions\/2435"}],"wp:attachment":[{"href":"https:\/\/glovita.hu\/en\/wp-json\/wp\/v2\/media?parent=2430"}],"curies":[{"name":"wp","href":"https:\/\/api.w.org\/{rel}","templated":true}]}}