{"id":2499,"date":"2022-04-01T13:19:00","date_gmt":"2022-04-01T13:19:00","guid":{"rendered":"https:\/\/glovita.hu\/seiz-brand-representation\/"},"modified":"2022-04-04T08:45:29","modified_gmt":"2022-04-04T08:45:29","slug":"seiz-brand-representation","status":"publish","type":"page","link":"https:\/\/glovita.hu\/en\/seiz-brand-representation\/","title":{"rendered":"SEIZ brand representation"},"content":{"rendered":"<p>[vc_row full_width=&#8221;stretch_row_content&#8221; content_placement=&#8221;middle&#8221; woodmart_disable_overflow=&#8221;1&#8243; el_class=&#8221;z-index-10 contact-block&#8221; css=&#8221;.vc_custom_1629286062829{margin-bottom: 4vh !important;}&#8221; mobile_bg_img_hidden=&#8221;no&#8221; tablet_bg_img_hidden=&#8221;no&#8221; woodmart_parallax=&#8221;0&#8243; woodmart_gradient_switch=&#8221;no&#8221; row_reverse_mobile=&#8221;1&#8243; row_reverse_tablet=&#8221;1&#8243;][vc_column css=&#8221;.vc_custom_1535109641097{margin-top: -50px !important;margin-right: -80px !important;margin-bottom: 4vh !important;}&#8221; offset=&#8221;vc_col-md-6&#8243; el_class=&#8221;reset-margin&#8221;][vc_empty_space height=&#8221;20px&#8221; woodmart_hide_large=&#8221;1&#8243;][vc_row_inner][vc_column_inner][vc_single_image image=&#8221;2445&#8243; img_size=&#8221;large&#8221; alignment=&#8221;center&#8221; scroll_x=&#8221;0&#8243; scroll_y=&#8221;40&#8243; scroll_z=&#8221;0&#8243; parallax_scroll=&#8221;yes&#8221; css=&#8221;.vc_custom_1648818725755{margin-bottom: 0px !important;}&#8221; woodmart_inline=&#8221;no&#8221;][\/vc_column_inner][\/vc_row_inner][\/vc_column][vc_column parallax_scroll=&#8221;no&#8221; offset=&#8221;vc_col-md-6&#8243; css=&#8221;.vc_custom_1628147657082{margin-bottom: 4vh !important;padding-left: 30px !important;background-color: #ffffff !important;}&#8221; mobile_bg_img_hidden=&#8221;no&#8221; tablet_bg_img_hidden=&#8221;no&#8221; woodmart_parallax=&#8221;0&#8243; woodmart_sticky_column=&#8221;false&#8221; mobile_reset_margin=&#8221;no&#8221; tablet_reset_margin=&#8221;no&#8221;]\t\t\t<div id=\"wd-624ab023f2f10\" class=\"wd-text-block-wrapper wd-wpb wd-rs-624ab023f2f10 color-scheme- wd-width-90 text-left vc_custom_1649061926902\">\n\t\t\t\t<div class=\"woodmart-title-container woodmart-text-block reset-last-child font-text wd-font-weight-400 \">\n\t\t\t\t\tGlovita Gloves Co.,Ltd is the exclusive brand representative of the German SEIZ GmbH specialist of professional hand protection in Hungary and in East &#8211; Europe.The high quality products of Seiz stand its ground on the Western European markets too.\t\t\t\t<\/div>\n\n\t\t\t\t\t\t\t<\/div>\n\t\t<div id=\"wd-6246f9b41ce4e\" class=\" wd-rs-6246f9b41ce4e wd-button-wrapper woodmart-button-wrapper text-left\"><a href=\"https:\/\/glovita.hu\/en\/product-category\/dipped-safety-gloves\/\" title=\"\" class=\"btn btn-scheme-dark btn-scheme-hover-dark btn-style-default btn-shape-rectangle btn-size-large\">Please take a look at our dipped gloves range<\/a><\/div>[\/vc_column][\/vc_row]<\/p>\n","protected":false},"excerpt":{"rendered":"<p>[vc_row full_width=&#8221;stretch_row_content&#8221; content_placement=&#8221;middle&#8221; woodmart_disable_overflow=&#8221;1&#8243; el_class=&#8221;z-index-10 contact-block&#8221; css=&#8221;.vc_custom_1629286062829{margin-bottom: 4vh !important;}&#8221; mobile_bg_img_hidden=&#8221;no&#8221; tablet_bg_img_hidden=&#8221;no&#8221; woodmart_parallax=&#8221;0&#8243; woodmart_gradient_switch=&#8221;no&#8221; row_reverse_mobile=&#8221;1&#8243; row_reverse_tablet=&#8221;1&#8243;][vc_column css=&#8221;.vc_custom_1535109641097{margin-top: -50px !important;margin-right: -80px !important;margin-bottom:<\/p>\n","protected":false},"author":4,"featured_media":0,"parent":0,"menu_order":0,"comment_status":"closed","ping_status":"closed","template":"","meta":{"footnotes":""},"class_list":["post-2499","page","type-page","status-publish","hentry"],"yoast_head":"<!-- This site is optimized with the Yoast SEO plugin v24.5 - https:\/\/yoast.com\/wordpress\/plugins\/seo\/ -->\n<title>SEIZ brand representation - Glovita.hu<\/title>\n<meta name=\"description\" content=\"Glovita Gloves Co.,Ltd is the exclusive brand representative of the German SEIZ GmbH specialist of professional hand protection in Hungary and in East - Europe. The high quality products of Seiz stand its ground on the Western Euoropean markets too.\" \/>\n<meta name=\"robots\" content=\"index, follow, max-snippet:-1, max-image-preview:large, max-video-preview:-1\" \/>\n<link rel=\"canonical\" href=\"https:\/\/glovita.hu\/en\/seiz-brand-representation\/\" \/>\n<meta property=\"og:locale\" content=\"en_US\" \/>\n<meta property=\"og:type\" content=\"article\" \/>\n<meta property=\"og:title\" content=\"SEIZ brand representation - Glovita.hu\" \/>\n<meta property=\"og:description\" content=\"Glovita Gloves Co.,Ltd is the exclusive brand representative of the German SEIZ GmbH specialist of professional hand protection in Hungary and in East - Europe. The high quality products of Seiz stand its ground on the Western Euoropean markets too.\" \/>\n<meta property=\"og:url\" content=\"https:\/\/glovita.hu\/en\/seiz-brand-representation\/\" \/>\n<meta property=\"og:site_name\" content=\"Glovita.hu\" \/>\n<meta property=\"article:modified_time\" content=\"2022-04-04T08:45:29+00:00\" \/>\n<meta property=\"og:image\" content=\"https:\/\/glovita.hu\/wp-content\/uploads\/2021\/09\/glovita-og.jpg\" \/>\n\t<meta property=\"og:image:width\" content=\"1200\" \/>\n\t<meta property=\"og:image:height\" content=\"628\" \/>\n\t<meta property=\"og:image:type\" content=\"image\/jpeg\" \/>\n<meta name=\"twitter:card\" content=\"summary_large_image\" \/>\n<meta name=\"twitter:label1\" content=\"Est. reading time\" \/>\n\t<meta name=\"twitter:data1\" content=\"2 minutes\" \/>\n<script type=\"application\/ld+json\" class=\"yoast-schema-graph\">{\"@context\":\"https:\/\/schema.org\",\"@graph\":[{\"@type\":\"WebPage\",\"@id\":\"https:\/\/glovita.hu\/en\/seiz-brand-representation\/\",\"url\":\"https:\/\/glovita.hu\/en\/seiz-brand-representation\/\",\"name\":\"SEIZ brand representation - Glovita.hu\",\"isPartOf\":{\"@id\":\"https:\/\/glovita.hu\/#website\"},\"datePublished\":\"2022-04-01T13:19:00+00:00\",\"dateModified\":\"2022-04-04T08:45:29+00:00\",\"description\":\"Glovita Gloves Co.,Ltd is the exclusive brand representative of the German SEIZ GmbH specialist of professional hand protection in Hungary and in East - Europe. The high quality products of Seiz stand its ground on the Western Euoropean markets too.\",\"breadcrumb\":{\"@id\":\"https:\/\/glovita.hu\/en\/seiz-brand-representation\/#breadcrumb\"},\"inLanguage\":\"en-US\",\"potentialAction\":[{\"@type\":\"ReadAction\",\"target\":[\"https:\/\/glovita.hu\/en\/seiz-brand-representation\/\"]}]},{\"@type\":\"BreadcrumbList\",\"@id\":\"https:\/\/glovita.hu\/en\/seiz-brand-representation\/#breadcrumb\",\"itemListElement\":[{\"@type\":\"ListItem\",\"position\":1,\"name\":\"Kezd\u0151lap\",\"item\":\"https:\/\/glovita.hu\/en\/\"},{\"@type\":\"ListItem\",\"position\":2,\"name\":\"SEIZ brand representation\"}]},{\"@type\":\"WebSite\",\"@id\":\"https:\/\/glovita.hu\/#website\",\"url\":\"https:\/\/glovita.hu\/\",\"name\":\"Glovita.hu\",\"description\":\"Teljes k\u00f6r\u0171 k\u00e9zv\u00e9delmi megold\u00e1sok a gy\u00e1rt\u00f3t\u00f3l\",\"publisher\":{\"@id\":\"https:\/\/glovita.hu\/#organization\"},\"potentialAction\":[{\"@type\":\"SearchAction\",\"target\":{\"@type\":\"EntryPoint\",\"urlTemplate\":\"https:\/\/glovita.hu\/?s={search_term_string}\"},\"query-input\":{\"@type\":\"PropertyValueSpecification\",\"valueRequired\":true,\"valueName\":\"search_term_string\"}}],\"inLanguage\":\"en-US\"},{\"@type\":\"Organization\",\"@id\":\"https:\/\/glovita.hu\/#organization\",\"name\":\"Glovita\",\"url\":\"https:\/\/glovita.hu\/\",\"logo\":{\"@type\":\"ImageObject\",\"inLanguage\":\"en-US\",\"@id\":\"https:\/\/glovita.hu\/#\/schema\/logo\/image\/\",\"url\":\"https:\/\/glovita.hu\/wp-content\/uploads\/2021\/04\/glovita-logo.svg\",\"contentUrl\":\"https:\/\/glovita.hu\/wp-content\/uploads\/2021\/04\/glovita-logo.svg\",\"width\":250,\"height\":161,\"caption\":\"Glovita\"},\"image\":{\"@id\":\"https:\/\/glovita.hu\/#\/schema\/logo\/image\/\"}}]}<\/script>\n<!-- \/ Yoast SEO plugin. -->","yoast_head_json":{"title":"SEIZ brand representation - Glovita.hu","description":"Glovita Gloves Co.,Ltd is the exclusive brand representative of the German SEIZ GmbH specialist of professional hand protection in Hungary and in East - Europe. The high quality products of Seiz stand its ground on the Western Euoropean markets too.","robots":{"index":"index","follow":"follow","max-snippet":"max-snippet:-1","max-image-preview":"max-image-preview:large","max-video-preview":"max-video-preview:-1"},"canonical":"https:\/\/glovita.hu\/en\/seiz-brand-representation\/","og_locale":"en_US","og_type":"article","og_title":"SEIZ brand representation - Glovita.hu","og_description":"Glovita Gloves Co.,Ltd is the exclusive brand representative of the German SEIZ GmbH specialist of professional hand protection in Hungary and in East - Europe. The high quality products of Seiz stand its ground on the Western Euoropean markets too.","og_url":"https:\/\/glovita.hu\/en\/seiz-brand-representation\/","og_site_name":"Glovita.hu","article_modified_time":"2022-04-04T08:45:29+00:00","og_image":[{"width":1200,"height":628,"url":"https:\/\/glovita.hu\/wp-content\/uploads\/2021\/09\/glovita-og.jpg","type":"image\/jpeg"}],"twitter_card":"summary_large_image","twitter_misc":{"Est. reading time":"2 minutes"},"schema":{"@context":"https:\/\/schema.org","@graph":[{"@type":"WebPage","@id":"https:\/\/glovita.hu\/en\/seiz-brand-representation\/","url":"https:\/\/glovita.hu\/en\/seiz-brand-representation\/","name":"SEIZ brand representation - Glovita.hu","isPartOf":{"@id":"https:\/\/glovita.hu\/#website"},"datePublished":"2022-04-01T13:19:00+00:00","dateModified":"2022-04-04T08:45:29+00:00","description":"Glovita Gloves Co.,Ltd is the exclusive brand representative of the German SEIZ GmbH specialist of professional hand protection in Hungary and in East - Europe. The high quality products of Seiz stand its ground on the Western Euoropean markets too.","breadcrumb":{"@id":"https:\/\/glovita.hu\/en\/seiz-brand-representation\/#breadcrumb"},"inLanguage":"en-US","potentialAction":[{"@type":"ReadAction","target":["https:\/\/glovita.hu\/en\/seiz-brand-representation\/"]}]},{"@type":"BreadcrumbList","@id":"https:\/\/glovita.hu\/en\/seiz-brand-representation\/#breadcrumb","itemListElement":[{"@type":"ListItem","position":1,"name":"Kezd\u0151lap","item":"https:\/\/glovita.hu\/en\/"},{"@type":"ListItem","position":2,"name":"SEIZ brand representation"}]},{"@type":"WebSite","@id":"https:\/\/glovita.hu\/#website","url":"https:\/\/glovita.hu\/","name":"Glovita.hu","description":"Teljes k\u00f6r\u0171 k\u00e9zv\u00e9delmi megold\u00e1sok a gy\u00e1rt\u00f3t\u00f3l","publisher":{"@id":"https:\/\/glovita.hu\/#organization"},"potentialAction":[{"@type":"SearchAction","target":{"@type":"EntryPoint","urlTemplate":"https:\/\/glovita.hu\/?s={search_term_string}"},"query-input":{"@type":"PropertyValueSpecification","valueRequired":true,"valueName":"search_term_string"}}],"inLanguage":"en-US"},{"@type":"Organization","@id":"https:\/\/glovita.hu\/#organization","name":"Glovita","url":"https:\/\/glovita.hu\/","logo":{"@type":"ImageObject","inLanguage":"en-US","@id":"https:\/\/glovita.hu\/#\/schema\/logo\/image\/","url":"https:\/\/glovita.hu\/wp-content\/uploads\/2021\/04\/glovita-logo.svg","contentUrl":"https:\/\/glovita.hu\/wp-content\/uploads\/2021\/04\/glovita-logo.svg","width":250,"height":161,"caption":"Glovita"},"image":{"@id":"https:\/\/glovita.hu\/#\/schema\/logo\/image\/"}}]}},"_links":{"self":[{"href":"https:\/\/glovita.hu\/en\/wp-json\/wp\/v2\/pages\/2499","targetHints":{"allow":["GET"]}}],"collection":[{"href":"https:\/\/glovita.hu\/en\/wp-json\/wp\/v2\/pages"}],"about":[{"href":"https:\/\/glovita.hu\/en\/wp-json\/wp\/v2\/types\/page"}],"author":[{"embeddable":true,"href":"https:\/\/glovita.hu\/en\/wp-json\/wp\/v2\/users\/4"}],"replies":[{"embeddable":true,"href":"https:\/\/glovita.hu\/en\/wp-json\/wp\/v2\/comments?post=2499"}],"version-history":[{"count":6,"href":"https:\/\/glovita.hu\/en\/wp-json\/wp\/v2\/pages\/2499\/revisions"}],"predecessor-version":[{"id":2508,"href":"https:\/\/glovita.hu\/en\/wp-json\/wp\/v2\/pages\/2499\/revisions\/2508"}],"wp:attachment":[{"href":"https:\/\/glovita.hu\/en\/wp-json\/wp\/v2\/media?parent=2499"}],"curies":[{"name":"wp","href":"https:\/\/api.w.org\/{rel}","templated":true}]}}