{"id":2070,"date":"2021-09-29T07:51:38","date_gmt":"2022-02-11T06:31:18","guid":{"rendered":"https:\/\/glovita.hu\/termekeink\/uncategorized\/safety-gloves-with-pvc-dots-against-abrasion\/"},"modified":"2022-02-11T06:31:18","modified_gmt":"2022-02-11T06:31:18","slug":"anti-abrasion-safety-gloves-with-pvc-dots","status":"publish","type":"product","link":"https:\/\/glovita.hu\/en\/products\/knitted-safety-gloves\/for-minimal-risks-only\/anti-abrasion-safety-gloves-with-pvc-dots\/","title":{"rendered":"Safety gloves with PVC dots against abrasion"},"content":{"rendered":"<ul>\n<li>Coloured gloves MIX with mixed yarns , PVC dots,extreme anti abrasion<\/li>\n<li>Gauge 7<\/li>\n<li>Seamless with elasctic cuff for comfortable and excellent grip<\/li>\n<\/ul>\n<p><strong>Features:<\/strong><\/p>\n<ul>\n<li>high resistance against abrasion<\/li>\n<li>for mechanical works<\/li>\n<li>elastic cuff<\/li>\n<li>protection level: 1 category<\/li>\n<\/ul>\n<p><strong>SPECIAL PRICE!!<br \/>\n<\/strong><strong>60% PROMOTION!<\/strong><\/p>\n<p>Price(incl.VAT): 1.890HUF\/package(189,-HUF\/pair)<br \/>\nPackaging:10pairs\/pack(in different colours)<\/p>\n<p>&nbsp;<\/p>\n","protected":false},"excerpt":{"rendered":"<p>Coloured gloves MIX with mixed yarns , PVC dots,extreme anti abrasion Gauge 7 Seamless with elasctic cuff for comfortable and<\/p>\n","protected":false},"featured_media":1902,"template":"","meta":[],"product_brand":[],"product_cat":[288,287],"product_tag":[],"class_list":{"0":"post-2070","1":"product","2":"type-product","3":"status-publish","4":"has-post-thumbnail","6":"product_cat-for-minimal-risks-only","7":"product_cat-knitted-safety-gloves","9":"first","10":"instock","11":"purchasable","12":"product-type-variable"},"yoast_head":"<!-- This site is optimized with the Yoast SEO plugin v24.5 - https:\/\/yoast.com\/wordpress\/plugins\/seo\/ -->\n<title>Safety gloves with PVC dots against abrasion - Glovita.hu<\/title>\n<meta name=\"robots\" content=\"index, follow, max-snippet:-1, max-image-preview:large, max-video-preview:-1\" \/>\n<link rel=\"canonical\" href=\"https:\/\/glovita.hu\/en\/products\/knitted-safety-gloves\/for-minimal-risks-only\/anti-abrasion-safety-gloves-with-pvc-dots\/\" \/>\n<meta property=\"og:locale\" content=\"en_US\" \/>\n<meta property=\"og:type\" content=\"article\" \/>\n<meta property=\"og:title\" content=\"Safety gloves with PVC dots against abrasion - Glovita.hu\" \/>\n<meta property=\"og:description\" content=\"Coloured gloves MIX with mixed yarns , PVC dots,extreme anti abrasion Gauge 7 Seamless with elasctic cuff for comfortable and\" \/>\n<meta property=\"og:url\" content=\"https:\/\/glovita.hu\/en\/products\/knitted-safety-gloves\/for-minimal-risks-only\/anti-abrasion-safety-gloves-with-pvc-dots\/\" \/>\n<meta property=\"og:site_name\" content=\"Glovita.hu\" \/>\n<meta property=\"og:image\" content=\"https:\/\/glovita.hu\/wp-content\/uploads\/2021\/09\/kopasallo_pvc_pontozott_munkakesztyu.png\" \/>\n\t<meta property=\"og:image:width\" content=\"350\" \/>\n\t<meta property=\"og:image:height\" content=\"213\" \/>\n\t<meta property=\"og:image:type\" content=\"image\/png\" \/>\n<meta name=\"twitter:card\" content=\"summary_large_image\" \/>\n<script type=\"application\/ld+json\" class=\"yoast-schema-graph\">{\"@context\":\"https:\/\/schema.org\",\"@graph\":[{\"@type\":\"WebPage\",\"@id\":\"https:\/\/glovita.hu\/en\/products\/knitted-safety-gloves\/for-minimal-risks-only\/anti-abrasion-safety-gloves-with-pvc-dots\/\",\"url\":\"https:\/\/glovita.hu\/en\/products\/knitted-safety-gloves\/for-minimal-risks-only\/anti-abrasion-safety-gloves-with-pvc-dots\/\",\"name\":\"Safety gloves with PVC dots against abrasion - Glovita.hu\",\"isPartOf\":{\"@id\":\"https:\/\/glovita.hu\/#website\"},\"primaryImageOfPage\":{\"@id\":\"https:\/\/glovita.hu\/en\/products\/knitted-safety-gloves\/for-minimal-risks-only\/anti-abrasion-safety-gloves-with-pvc-dots\/#primaryimage\"},\"image\":{\"@id\":\"https:\/\/glovita.hu\/en\/products\/knitted-safety-gloves\/for-minimal-risks-only\/anti-abrasion-safety-gloves-with-pvc-dots\/#primaryimage\"},\"thumbnailUrl\":\"https:\/\/glovita.hu\/wp-content\/uploads\/2021\/09\/kopasallo_pvc_pontozott_munkakesztyu.png\",\"datePublished\":\"2022-02-11T06:31:18+00:00\",\"breadcrumb\":{\"@id\":\"https:\/\/glovita.hu\/en\/products\/knitted-safety-gloves\/for-minimal-risks-only\/anti-abrasion-safety-gloves-with-pvc-dots\/#breadcrumb\"},\"inLanguage\":\"en-US\",\"potentialAction\":[{\"@type\":\"ReadAction\",\"target\":[\"https:\/\/glovita.hu\/en\/products\/knitted-safety-gloves\/for-minimal-risks-only\/anti-abrasion-safety-gloves-with-pvc-dots\/\"]}]},{\"@type\":\"ImageObject\",\"inLanguage\":\"en-US\",\"@id\":\"https:\/\/glovita.hu\/en\/products\/knitted-safety-gloves\/for-minimal-risks-only\/anti-abrasion-safety-gloves-with-pvc-dots\/#primaryimage\",\"url\":\"https:\/\/glovita.hu\/wp-content\/uploads\/2021\/09\/kopasallo_pvc_pontozott_munkakesztyu.png\",\"contentUrl\":\"https:\/\/glovita.hu\/wp-content\/uploads\/2021\/09\/kopasallo_pvc_pontozott_munkakesztyu.png\",\"width\":350,\"height\":213,\"caption\":\"Safety gloves with PVC dots against abrasion\"},{\"@type\":\"BreadcrumbList\",\"@id\":\"https:\/\/glovita.hu\/en\/products\/knitted-safety-gloves\/for-minimal-risks-only\/anti-abrasion-safety-gloves-with-pvc-dots\/#breadcrumb\",\"itemListElement\":[{\"@type\":\"ListItem\",\"position\":1,\"name\":\"Kezd\u0151lap\",\"item\":\"https:\/\/glovita.hu\/en\/\"},{\"@type\":\"ListItem\",\"position\":2,\"name\":\"Our products\",\"item\":\"https:\/\/glovita.hu\/en\/products\/\"},{\"@type\":\"ListItem\",\"position\":3,\"name\":\"Safety gloves with PVC dots against abrasion\"}]},{\"@type\":\"WebSite\",\"@id\":\"https:\/\/glovita.hu\/#website\",\"url\":\"https:\/\/glovita.hu\/\",\"name\":\"Glovita.hu\",\"description\":\"Teljes k\u00f6r\u0171 k\u00e9zv\u00e9delmi megold\u00e1sok a gy\u00e1rt\u00f3t\u00f3l\",\"publisher\":{\"@id\":\"https:\/\/glovita.hu\/#organization\"},\"potentialAction\":[{\"@type\":\"SearchAction\",\"target\":{\"@type\":\"EntryPoint\",\"urlTemplate\":\"https:\/\/glovita.hu\/?s={search_term_string}\"},\"query-input\":{\"@type\":\"PropertyValueSpecification\",\"valueRequired\":true,\"valueName\":\"search_term_string\"}}],\"inLanguage\":\"en-US\"},{\"@type\":\"Organization\",\"@id\":\"https:\/\/glovita.hu\/#organization\",\"name\":\"Glovita\",\"url\":\"https:\/\/glovita.hu\/\",\"logo\":{\"@type\":\"ImageObject\",\"inLanguage\":\"en-US\",\"@id\":\"https:\/\/glovita.hu\/#\/schema\/logo\/image\/\",\"url\":\"https:\/\/glovita.hu\/wp-content\/uploads\/2021\/04\/glovita-logo.svg\",\"contentUrl\":\"https:\/\/glovita.hu\/wp-content\/uploads\/2021\/04\/glovita-logo.svg\",\"width\":250,\"height\":161,\"caption\":\"Glovita\"},\"image\":{\"@id\":\"https:\/\/glovita.hu\/#\/schema\/logo\/image\/\"}}]}<\/script>\n<!-- \/ Yoast SEO plugin. -->","yoast_head_json":{"title":"Safety gloves with PVC dots against abrasion - Glovita.hu","robots":{"index":"index","follow":"follow","max-snippet":"max-snippet:-1","max-image-preview":"max-image-preview:large","max-video-preview":"max-video-preview:-1"},"canonical":"https:\/\/glovita.hu\/en\/products\/knitted-safety-gloves\/for-minimal-risks-only\/anti-abrasion-safety-gloves-with-pvc-dots\/","og_locale":"en_US","og_type":"article","og_title":"Safety gloves with PVC dots against abrasion - Glovita.hu","og_description":"Coloured gloves MIX with mixed yarns , PVC dots,extreme anti abrasion Gauge 7 Seamless with elasctic cuff for comfortable and","og_url":"https:\/\/glovita.hu\/en\/products\/knitted-safety-gloves\/for-minimal-risks-only\/anti-abrasion-safety-gloves-with-pvc-dots\/","og_site_name":"Glovita.hu","og_image":[{"width":350,"height":213,"url":"https:\/\/glovita.hu\/wp-content\/uploads\/2021\/09\/kopasallo_pvc_pontozott_munkakesztyu.png","type":"image\/png"}],"twitter_card":"summary_large_image","schema":{"@context":"https:\/\/schema.org","@graph":[{"@type":"WebPage","@id":"https:\/\/glovita.hu\/en\/products\/knitted-safety-gloves\/for-minimal-risks-only\/anti-abrasion-safety-gloves-with-pvc-dots\/","url":"https:\/\/glovita.hu\/en\/products\/knitted-safety-gloves\/for-minimal-risks-only\/anti-abrasion-safety-gloves-with-pvc-dots\/","name":"Safety gloves with PVC dots against abrasion - Glovita.hu","isPartOf":{"@id":"https:\/\/glovita.hu\/#website"},"primaryImageOfPage":{"@id":"https:\/\/glovita.hu\/en\/products\/knitted-safety-gloves\/for-minimal-risks-only\/anti-abrasion-safety-gloves-with-pvc-dots\/#primaryimage"},"image":{"@id":"https:\/\/glovita.hu\/en\/products\/knitted-safety-gloves\/for-minimal-risks-only\/anti-abrasion-safety-gloves-with-pvc-dots\/#primaryimage"},"thumbnailUrl":"https:\/\/glovita.hu\/wp-content\/uploads\/2021\/09\/kopasallo_pvc_pontozott_munkakesztyu.png","datePublished":"2022-02-11T06:31:18+00:00","breadcrumb":{"@id":"https:\/\/glovita.hu\/en\/products\/knitted-safety-gloves\/for-minimal-risks-only\/anti-abrasion-safety-gloves-with-pvc-dots\/#breadcrumb"},"inLanguage":"en-US","potentialAction":[{"@type":"ReadAction","target":["https:\/\/glovita.hu\/en\/products\/knitted-safety-gloves\/for-minimal-risks-only\/anti-abrasion-safety-gloves-with-pvc-dots\/"]}]},{"@type":"ImageObject","inLanguage":"en-US","@id":"https:\/\/glovita.hu\/en\/products\/knitted-safety-gloves\/for-minimal-risks-only\/anti-abrasion-safety-gloves-with-pvc-dots\/#primaryimage","url":"https:\/\/glovita.hu\/wp-content\/uploads\/2021\/09\/kopasallo_pvc_pontozott_munkakesztyu.png","contentUrl":"https:\/\/glovita.hu\/wp-content\/uploads\/2021\/09\/kopasallo_pvc_pontozott_munkakesztyu.png","width":350,"height":213,"caption":"Safety gloves with PVC dots against abrasion"},{"@type":"BreadcrumbList","@id":"https:\/\/glovita.hu\/en\/products\/knitted-safety-gloves\/for-minimal-risks-only\/anti-abrasion-safety-gloves-with-pvc-dots\/#breadcrumb","itemListElement":[{"@type":"ListItem","position":1,"name":"Kezd\u0151lap","item":"https:\/\/glovita.hu\/en\/"},{"@type":"ListItem","position":2,"name":"Our products","item":"https:\/\/glovita.hu\/en\/products\/"},{"@type":"ListItem","position":3,"name":"Safety gloves with PVC dots against abrasion"}]},{"@type":"WebSite","@id":"https:\/\/glovita.hu\/#website","url":"https:\/\/glovita.hu\/","name":"Glovita.hu","description":"Teljes k\u00f6r\u0171 k\u00e9zv\u00e9delmi megold\u00e1sok a gy\u00e1rt\u00f3t\u00f3l","publisher":{"@id":"https:\/\/glovita.hu\/#organization"},"potentialAction":[{"@type":"SearchAction","target":{"@type":"EntryPoint","urlTemplate":"https:\/\/glovita.hu\/?s={search_term_string}"},"query-input":{"@type":"PropertyValueSpecification","valueRequired":true,"valueName":"search_term_string"}}],"inLanguage":"en-US"},{"@type":"Organization","@id":"https:\/\/glovita.hu\/#organization","name":"Glovita","url":"https:\/\/glovita.hu\/","logo":{"@type":"ImageObject","inLanguage":"en-US","@id":"https:\/\/glovita.hu\/#\/schema\/logo\/image\/","url":"https:\/\/glovita.hu\/wp-content\/uploads\/2021\/04\/glovita-logo.svg","contentUrl":"https:\/\/glovita.hu\/wp-content\/uploads\/2021\/04\/glovita-logo.svg","width":250,"height":161,"caption":"Glovita"},"image":{"@id":"https:\/\/glovita.hu\/#\/schema\/logo\/image\/"}}]}},"_links":{"self":[{"href":"https:\/\/glovita.hu\/en\/wp-json\/wp\/v2\/product\/2070","targetHints":{"allow":["GET"]}}],"collection":[{"href":"https:\/\/glovita.hu\/en\/wp-json\/wp\/v2\/product"}],"about":[{"href":"https:\/\/glovita.hu\/en\/wp-json\/wp\/v2\/types\/product"}],"wp:featuredmedia":[{"embeddable":true,"href":"https:\/\/glovita.hu\/en\/wp-json\/wp\/v2\/media\/1902"}],"wp:attachment":[{"href":"https:\/\/glovita.hu\/en\/wp-json\/wp\/v2\/media?parent=2070"}],"wp:term":[{"taxonomy":"product_brand","embeddable":true,"href":"https:\/\/glovita.hu\/en\/wp-json\/wp\/v2\/product_brand?post=2070"},{"taxonomy":"product_cat","embeddable":true,"href":"https:\/\/glovita.hu\/en\/wp-json\/wp\/v2\/product_cat?post=2070"},{"taxonomy":"product_tag","embeddable":true,"href":"https:\/\/glovita.hu\/en\/wp-json\/wp\/v2\/product_tag?post=2070"}],"curies":[{"name":"wp","href":"https:\/\/api.w.org\/{rel}","templated":true}]}}