{"id":2072,"date":"2021-09-29T07:15:32","date_gmt":"2022-02-11T06:38:31","guid":{"rendered":"https:\/\/glovita.hu\/termekeink\/uncategorized\/lined-cotton-safety-glovesterry\/"},"modified":"2022-02-23T13:17:47","modified_gmt":"2022-02-23T13:17:47","slug":"lined-cotton-safety-glovesterry","status":"publish","type":"product","link":"https:\/\/glovita.hu\/en\/products\/knitted-safety-gloves\/for-minimal-risks-only\/lined-cotton-safety-glovesterry\/","title":{"rendered":"Lined cotton safety gloves,terry"},"content":{"rendered":"<ul>\n<li>Lined cotton gloves with terry surface<\/li>\n<li>Gauge 7<\/li>\n<li>Protection against cold and hot,high absorbent cotton<\/li>\n<li>colour: raw white<\/li>\n<\/ul>\n<p><a class=\"tajekoztato\" href=\"https:\/\/glovita.hu\/wp-content\/uploads\/2021\/09\/Tajekoztato-221113-011.pdf\" target=\"_blank\" rel=\"noopener\">Download instruction manual<\/a><\/p>\n","protected":false},"excerpt":{"rendered":"<p>Lined cotton gloves with terry surface Gauge 7 Protection against cold and hot,high absorbent cotton colour: raw white Download instruction<\/p>\n","protected":false},"featured_media":1777,"template":"","meta":[],"product_brand":[],"product_cat":[288,287],"product_tag":[],"class_list":{"0":"post-2072","1":"product","2":"type-product","3":"status-publish","4":"has-post-thumbnail","6":"product_cat-for-minimal-risks-only","7":"product_cat-knitted-safety-gloves","9":"first","10":"instock","11":"purchasable","12":"product-type-variable"},"yoast_head":"<!-- This site is optimized with the Yoast SEO plugin v24.5 - https:\/\/yoast.com\/wordpress\/plugins\/seo\/ -->\n<title>Lined cotton safety gloves,terry - Glovita.hu<\/title>\n<meta name=\"robots\" content=\"index, follow, max-snippet:-1, max-image-preview:large, max-video-preview:-1\" \/>\n<link rel=\"canonical\" href=\"https:\/\/glovita.hu\/en\/products\/knitted-safety-gloves\/for-minimal-risks-only\/lined-cotton-safety-glovesterry\/\" \/>\n<meta property=\"og:locale\" content=\"en_US\" \/>\n<meta property=\"og:type\" content=\"article\" \/>\n<meta property=\"og:title\" content=\"Lined cotton safety gloves,terry - Glovita.hu\" \/>\n<meta property=\"og:description\" content=\"Lined cotton gloves with terry surface Gauge 7 Protection against cold and hot,high absorbent cotton colour: raw white Download instruction\" \/>\n<meta property=\"og:url\" content=\"https:\/\/glovita.hu\/en\/products\/knitted-safety-gloves\/for-minimal-risks-only\/lined-cotton-safety-glovesterry\/\" \/>\n<meta property=\"og:site_name\" content=\"Glovita.hu\" \/>\n<meta property=\"article:modified_time\" content=\"2022-02-23T13:17:47+00:00\" \/>\n<meta property=\"og:image\" content=\"https:\/\/glovita.hu\/wp-content\/uploads\/2021\/07\/121113-002_12_bolyhos.jpg\" \/>\n\t<meta property=\"og:image:width\" content=\"1500\" \/>\n\t<meta property=\"og:image:height\" content=\"1500\" \/>\n\t<meta property=\"og:image:type\" content=\"image\/jpeg\" \/>\n<meta name=\"twitter:card\" content=\"summary_large_image\" \/>\n<script type=\"application\/ld+json\" class=\"yoast-schema-graph\">{\"@context\":\"https:\/\/schema.org\",\"@graph\":[{\"@type\":\"WebPage\",\"@id\":\"https:\/\/glovita.hu\/en\/products\/knitted-safety-gloves\/for-minimal-risks-only\/lined-cotton-safety-glovesterry\/\",\"url\":\"https:\/\/glovita.hu\/en\/products\/knitted-safety-gloves\/for-minimal-risks-only\/lined-cotton-safety-glovesterry\/\",\"name\":\"Lined cotton safety gloves,terry - Glovita.hu\",\"isPartOf\":{\"@id\":\"https:\/\/glovita.hu\/#website\"},\"primaryImageOfPage\":{\"@id\":\"https:\/\/glovita.hu\/en\/products\/knitted-safety-gloves\/for-minimal-risks-only\/lined-cotton-safety-glovesterry\/#primaryimage\"},\"image\":{\"@id\":\"https:\/\/glovita.hu\/en\/products\/knitted-safety-gloves\/for-minimal-risks-only\/lined-cotton-safety-glovesterry\/#primaryimage\"},\"thumbnailUrl\":\"https:\/\/glovita.hu\/wp-content\/uploads\/2021\/07\/121113-002_12_bolyhos.jpg\",\"datePublished\":\"2022-02-11T06:38:31+00:00\",\"dateModified\":\"2022-02-23T13:17:47+00:00\",\"breadcrumb\":{\"@id\":\"https:\/\/glovita.hu\/en\/products\/knitted-safety-gloves\/for-minimal-risks-only\/lined-cotton-safety-glovesterry\/#breadcrumb\"},\"inLanguage\":\"en-US\",\"potentialAction\":[{\"@type\":\"ReadAction\",\"target\":[\"https:\/\/glovita.hu\/en\/products\/knitted-safety-gloves\/for-minimal-risks-only\/lined-cotton-safety-glovesterry\/\"]}]},{\"@type\":\"ImageObject\",\"inLanguage\":\"en-US\",\"@id\":\"https:\/\/glovita.hu\/en\/products\/knitted-safety-gloves\/for-minimal-risks-only\/lined-cotton-safety-glovesterry\/#primaryimage\",\"url\":\"https:\/\/glovita.hu\/wp-content\/uploads\/2021\/07\/121113-002_12_bolyhos.jpg\",\"contentUrl\":\"https:\/\/glovita.hu\/wp-content\/uploads\/2021\/07\/121113-002_12_bolyhos.jpg\",\"width\":1500,\"height\":1500,\"caption\":\"Cotton safety gloves\"},{\"@type\":\"BreadcrumbList\",\"@id\":\"https:\/\/glovita.hu\/en\/products\/knitted-safety-gloves\/for-minimal-risks-only\/lined-cotton-safety-glovesterry\/#breadcrumb\",\"itemListElement\":[{\"@type\":\"ListItem\",\"position\":1,\"name\":\"Kezd\u0151lap\",\"item\":\"https:\/\/glovita.hu\/en\/\"},{\"@type\":\"ListItem\",\"position\":2,\"name\":\"Our products\",\"item\":\"https:\/\/glovita.hu\/en\/products\/\"},{\"@type\":\"ListItem\",\"position\":3,\"name\":\"Lined cotton safety gloves,terry\"}]},{\"@type\":\"WebSite\",\"@id\":\"https:\/\/glovita.hu\/#website\",\"url\":\"https:\/\/glovita.hu\/\",\"name\":\"Glovita.hu\",\"description\":\"Teljes k\u00f6r\u0171 k\u00e9zv\u00e9delmi megold\u00e1sok a gy\u00e1rt\u00f3t\u00f3l\",\"publisher\":{\"@id\":\"https:\/\/glovita.hu\/#organization\"},\"potentialAction\":[{\"@type\":\"SearchAction\",\"target\":{\"@type\":\"EntryPoint\",\"urlTemplate\":\"https:\/\/glovita.hu\/?s={search_term_string}\"},\"query-input\":{\"@type\":\"PropertyValueSpecification\",\"valueRequired\":true,\"valueName\":\"search_term_string\"}}],\"inLanguage\":\"en-US\"},{\"@type\":\"Organization\",\"@id\":\"https:\/\/glovita.hu\/#organization\",\"name\":\"Glovita\",\"url\":\"https:\/\/glovita.hu\/\",\"logo\":{\"@type\":\"ImageObject\",\"inLanguage\":\"en-US\",\"@id\":\"https:\/\/glovita.hu\/#\/schema\/logo\/image\/\",\"url\":\"https:\/\/glovita.hu\/wp-content\/uploads\/2021\/04\/glovita-logo.svg\",\"contentUrl\":\"https:\/\/glovita.hu\/wp-content\/uploads\/2021\/04\/glovita-logo.svg\",\"width\":250,\"height\":161,\"caption\":\"Glovita\"},\"image\":{\"@id\":\"https:\/\/glovita.hu\/#\/schema\/logo\/image\/\"}}]}<\/script>\n<!-- \/ Yoast SEO plugin. -->","yoast_head_json":{"title":"Lined cotton safety gloves,terry - Glovita.hu","robots":{"index":"index","follow":"follow","max-snippet":"max-snippet:-1","max-image-preview":"max-image-preview:large","max-video-preview":"max-video-preview:-1"},"canonical":"https:\/\/glovita.hu\/en\/products\/knitted-safety-gloves\/for-minimal-risks-only\/lined-cotton-safety-glovesterry\/","og_locale":"en_US","og_type":"article","og_title":"Lined cotton safety gloves,terry - Glovita.hu","og_description":"Lined cotton gloves with terry surface Gauge 7 Protection against cold and hot,high absorbent cotton colour: raw white Download instruction","og_url":"https:\/\/glovita.hu\/en\/products\/knitted-safety-gloves\/for-minimal-risks-only\/lined-cotton-safety-glovesterry\/","og_site_name":"Glovita.hu","article_modified_time":"2022-02-23T13:17:47+00:00","og_image":[{"width":1500,"height":1500,"url":"https:\/\/glovita.hu\/wp-content\/uploads\/2021\/07\/121113-002_12_bolyhos.jpg","type":"image\/jpeg"}],"twitter_card":"summary_large_image","schema":{"@context":"https:\/\/schema.org","@graph":[{"@type":"WebPage","@id":"https:\/\/glovita.hu\/en\/products\/knitted-safety-gloves\/for-minimal-risks-only\/lined-cotton-safety-glovesterry\/","url":"https:\/\/glovita.hu\/en\/products\/knitted-safety-gloves\/for-minimal-risks-only\/lined-cotton-safety-glovesterry\/","name":"Lined cotton safety gloves,terry - Glovita.hu","isPartOf":{"@id":"https:\/\/glovita.hu\/#website"},"primaryImageOfPage":{"@id":"https:\/\/glovita.hu\/en\/products\/knitted-safety-gloves\/for-minimal-risks-only\/lined-cotton-safety-glovesterry\/#primaryimage"},"image":{"@id":"https:\/\/glovita.hu\/en\/products\/knitted-safety-gloves\/for-minimal-risks-only\/lined-cotton-safety-glovesterry\/#primaryimage"},"thumbnailUrl":"https:\/\/glovita.hu\/wp-content\/uploads\/2021\/07\/121113-002_12_bolyhos.jpg","datePublished":"2022-02-11T06:38:31+00:00","dateModified":"2022-02-23T13:17:47+00:00","breadcrumb":{"@id":"https:\/\/glovita.hu\/en\/products\/knitted-safety-gloves\/for-minimal-risks-only\/lined-cotton-safety-glovesterry\/#breadcrumb"},"inLanguage":"en-US","potentialAction":[{"@type":"ReadAction","target":["https:\/\/glovita.hu\/en\/products\/knitted-safety-gloves\/for-minimal-risks-only\/lined-cotton-safety-glovesterry\/"]}]},{"@type":"ImageObject","inLanguage":"en-US","@id":"https:\/\/glovita.hu\/en\/products\/knitted-safety-gloves\/for-minimal-risks-only\/lined-cotton-safety-glovesterry\/#primaryimage","url":"https:\/\/glovita.hu\/wp-content\/uploads\/2021\/07\/121113-002_12_bolyhos.jpg","contentUrl":"https:\/\/glovita.hu\/wp-content\/uploads\/2021\/07\/121113-002_12_bolyhos.jpg","width":1500,"height":1500,"caption":"Cotton safety gloves"},{"@type":"BreadcrumbList","@id":"https:\/\/glovita.hu\/en\/products\/knitted-safety-gloves\/for-minimal-risks-only\/lined-cotton-safety-glovesterry\/#breadcrumb","itemListElement":[{"@type":"ListItem","position":1,"name":"Kezd\u0151lap","item":"https:\/\/glovita.hu\/en\/"},{"@type":"ListItem","position":2,"name":"Our products","item":"https:\/\/glovita.hu\/en\/products\/"},{"@type":"ListItem","position":3,"name":"Lined cotton safety gloves,terry"}]},{"@type":"WebSite","@id":"https:\/\/glovita.hu\/#website","url":"https:\/\/glovita.hu\/","name":"Glovita.hu","description":"Teljes k\u00f6r\u0171 k\u00e9zv\u00e9delmi megold\u00e1sok a gy\u00e1rt\u00f3t\u00f3l","publisher":{"@id":"https:\/\/glovita.hu\/#organization"},"potentialAction":[{"@type":"SearchAction","target":{"@type":"EntryPoint","urlTemplate":"https:\/\/glovita.hu\/?s={search_term_string}"},"query-input":{"@type":"PropertyValueSpecification","valueRequired":true,"valueName":"search_term_string"}}],"inLanguage":"en-US"},{"@type":"Organization","@id":"https:\/\/glovita.hu\/#organization","name":"Glovita","url":"https:\/\/glovita.hu\/","logo":{"@type":"ImageObject","inLanguage":"en-US","@id":"https:\/\/glovita.hu\/#\/schema\/logo\/image\/","url":"https:\/\/glovita.hu\/wp-content\/uploads\/2021\/04\/glovita-logo.svg","contentUrl":"https:\/\/glovita.hu\/wp-content\/uploads\/2021\/04\/glovita-logo.svg","width":250,"height":161,"caption":"Glovita"},"image":{"@id":"https:\/\/glovita.hu\/#\/schema\/logo\/image\/"}}]}},"_links":{"self":[{"href":"https:\/\/glovita.hu\/en\/wp-json\/wp\/v2\/product\/2072","targetHints":{"allow":["GET"]}}],"collection":[{"href":"https:\/\/glovita.hu\/en\/wp-json\/wp\/v2\/product"}],"about":[{"href":"https:\/\/glovita.hu\/en\/wp-json\/wp\/v2\/types\/product"}],"wp:featuredmedia":[{"embeddable":true,"href":"https:\/\/glovita.hu\/en\/wp-json\/wp\/v2\/media\/1777"}],"wp:attachment":[{"href":"https:\/\/glovita.hu\/en\/wp-json\/wp\/v2\/media?parent=2072"}],"wp:term":[{"taxonomy":"product_brand","embeddable":true,"href":"https:\/\/glovita.hu\/en\/wp-json\/wp\/v2\/product_brand?post=2072"},{"taxonomy":"product_cat","embeddable":true,"href":"https:\/\/glovita.hu\/en\/wp-json\/wp\/v2\/product_cat?post=2072"},{"taxonomy":"product_tag","embeddable":true,"href":"https:\/\/glovita.hu\/en\/wp-json\/wp\/v2\/product_tag?post=2072"}],"curies":[{"name":"wp","href":"https:\/\/api.w.org\/{rel}","templated":true}]}}