{"id":2091,"date":"2021-08-12T09:59:33","date_gmt":"2022-02-11T08:59:34","guid":{"rendered":"https:\/\/glovita.hu\/termekeink\/uncategorized\/barbecue-gloves-with-flame-proof-cotton-tissue-manchette\/"},"modified":"2022-02-11T08:59:34","modified_gmt":"2022-02-11T08:59:34","slug":"barbecue-gloves-with-flame-prood-cotton-tissue-manchette","status":"publish","type":"product","link":"https:\/\/glovita.hu\/en\/products\/knitted-safety-gloves\/against-mechanical-and-thermic-risksheat-and-cut-proof\/barbecue-gloves-with-flame-prood-cotton-tissue-manchette\/","title":{"rendered":"Barbecue gloves with flame-proof cotton tissue manchette"},"content":{"rendered":"<ul>\n<li>Heat proof Nomex gloves with cotton liner<\/li>\n<li>Gauge 7<\/li>\n<li>Seamless with elastic cuff against mechanical and thermic risks<\/li>\n<li>Provides protection at 250 C for 15 sec<\/li>\n<li>colour: black\/yellow<\/li>\n<\/ul>\n<p><a class=\"tajekoztato\" href=\"http:\/\/glovita.hu\/tajekoztatok\/221613-002.pdf\" target=\"_blank\" rel=\"noopener\">Download instruction manual<\/a><\/p>\n","protected":false},"excerpt":{"rendered":"<p>Heat proof Nomex gloves with cotton liner Gauge 7 Seamless with elastic cuff against mechanical and thermic risks Provides protection<\/p>\n","protected":false},"featured_media":1863,"template":"","meta":[],"product_brand":[],"product_cat":[308,287],"product_tag":[],"class_list":{"0":"post-2091","1":"product","2":"type-product","3":"status-publish","4":"has-post-thumbnail","6":"product_cat-against-mechanical-and-thermic-risksheat-and-cut-proof","7":"product_cat-knitted-safety-gloves","8":"pa_szabvanyok-en-388-en","9":"pa_szabvanyok-en-407-en","11":"first","12":"instock","13":"purchasable","14":"product-type-variable"},"yoast_head":"<!-- This site is optimized with the Yoast SEO plugin v24.5 - https:\/\/yoast.com\/wordpress\/plugins\/seo\/ -->\n<title>Barbecue gloves with flame-proof cotton tissue manchette - Glovita.hu<\/title>\n<meta name=\"robots\" content=\"index, follow, max-snippet:-1, max-image-preview:large, max-video-preview:-1\" \/>\n<link rel=\"canonical\" href=\"https:\/\/glovita.hu\/en\/products\/knitted-safety-gloves\/against-mechanical-and-thermic-risksheat-and-cut-proof\/barbecue-gloves-with-flame-prood-cotton-tissue-manchette\/\" \/>\n<meta property=\"og:locale\" content=\"en_US\" \/>\n<meta property=\"og:type\" content=\"article\" \/>\n<meta property=\"og:title\" content=\"Barbecue gloves with flame-proof cotton tissue manchette - Glovita.hu\" \/>\n<meta property=\"og:description\" content=\"Heat proof Nomex gloves with cotton liner Gauge 7 Seamless with elastic cuff against mechanical and thermic risks Provides protection\" \/>\n<meta property=\"og:url\" content=\"https:\/\/glovita.hu\/en\/products\/knitted-safety-gloves\/against-mechanical-and-thermic-risksheat-and-cut-proof\/barbecue-gloves-with-flame-prood-cotton-tissue-manchette\/\" \/>\n<meta property=\"og:site_name\" content=\"Glovita.hu\" \/>\n<meta property=\"og:image\" content=\"https:\/\/glovita.hu\/wp-content\/uploads\/2021\/08\/22161-001.jpg\" \/>\n\t<meta property=\"og:image:width\" content=\"1500\" \/>\n\t<meta property=\"og:image:height\" content=\"1500\" \/>\n\t<meta property=\"og:image:type\" content=\"image\/jpeg\" \/>\n<meta name=\"twitter:card\" content=\"summary_large_image\" \/>\n<script type=\"application\/ld+json\" class=\"yoast-schema-graph\">{\"@context\":\"https:\/\/schema.org\",\"@graph\":[{\"@type\":\"WebPage\",\"@id\":\"https:\/\/glovita.hu\/en\/products\/knitted-safety-gloves\/against-mechanical-and-thermic-risksheat-and-cut-proof\/barbecue-gloves-with-flame-prood-cotton-tissue-manchette\/\",\"url\":\"https:\/\/glovita.hu\/en\/products\/knitted-safety-gloves\/against-mechanical-and-thermic-risksheat-and-cut-proof\/barbecue-gloves-with-flame-prood-cotton-tissue-manchette\/\",\"name\":\"Barbecue gloves with flame-proof cotton tissue manchette - Glovita.hu\",\"isPartOf\":{\"@id\":\"https:\/\/glovita.hu\/#website\"},\"primaryImageOfPage\":{\"@id\":\"https:\/\/glovita.hu\/en\/products\/knitted-safety-gloves\/against-mechanical-and-thermic-risksheat-and-cut-proof\/barbecue-gloves-with-flame-prood-cotton-tissue-manchette\/#primaryimage\"},\"image\":{\"@id\":\"https:\/\/glovita.hu\/en\/products\/knitted-safety-gloves\/against-mechanical-and-thermic-risksheat-and-cut-proof\/barbecue-gloves-with-flame-prood-cotton-tissue-manchette\/#primaryimage\"},\"thumbnailUrl\":\"https:\/\/glovita.hu\/wp-content\/uploads\/2021\/08\/22161-001.jpg\",\"datePublished\":\"2022-02-11T08:59:34+00:00\",\"breadcrumb\":{\"@id\":\"https:\/\/glovita.hu\/en\/products\/knitted-safety-gloves\/against-mechanical-and-thermic-risksheat-and-cut-proof\/barbecue-gloves-with-flame-prood-cotton-tissue-manchette\/#breadcrumb\"},\"inLanguage\":\"en-US\",\"potentialAction\":[{\"@type\":\"ReadAction\",\"target\":[\"https:\/\/glovita.hu\/en\/products\/knitted-safety-gloves\/against-mechanical-and-thermic-risksheat-and-cut-proof\/barbecue-gloves-with-flame-prood-cotton-tissue-manchette\/\"]}]},{\"@type\":\"ImageObject\",\"inLanguage\":\"en-US\",\"@id\":\"https:\/\/glovita.hu\/en\/products\/knitted-safety-gloves\/against-mechanical-and-thermic-risksheat-and-cut-proof\/barbecue-gloves-with-flame-prood-cotton-tissue-manchette\/#primaryimage\",\"url\":\"https:\/\/glovita.hu\/wp-content\/uploads\/2021\/08\/22161-001.jpg\",\"contentUrl\":\"https:\/\/glovita.hu\/wp-content\/uploads\/2021\/08\/22161-001.jpg\",\"width\":1500,\"height\":1500},{\"@type\":\"BreadcrumbList\",\"@id\":\"https:\/\/glovita.hu\/en\/products\/knitted-safety-gloves\/against-mechanical-and-thermic-risksheat-and-cut-proof\/barbecue-gloves-with-flame-prood-cotton-tissue-manchette\/#breadcrumb\",\"itemListElement\":[{\"@type\":\"ListItem\",\"position\":1,\"name\":\"Kezd\u0151lap\",\"item\":\"https:\/\/glovita.hu\/en\/\"},{\"@type\":\"ListItem\",\"position\":2,\"name\":\"Our products\",\"item\":\"https:\/\/glovita.hu\/en\/products\/\"},{\"@type\":\"ListItem\",\"position\":3,\"name\":\"Barbecue gloves with flame-proof cotton tissue manchette\"}]},{\"@type\":\"WebSite\",\"@id\":\"https:\/\/glovita.hu\/#website\",\"url\":\"https:\/\/glovita.hu\/\",\"name\":\"Glovita.hu\",\"description\":\"Teljes k\u00f6r\u0171 k\u00e9zv\u00e9delmi megold\u00e1sok a gy\u00e1rt\u00f3t\u00f3l\",\"publisher\":{\"@id\":\"https:\/\/glovita.hu\/#organization\"},\"potentialAction\":[{\"@type\":\"SearchAction\",\"target\":{\"@type\":\"EntryPoint\",\"urlTemplate\":\"https:\/\/glovita.hu\/?s={search_term_string}\"},\"query-input\":{\"@type\":\"PropertyValueSpecification\",\"valueRequired\":true,\"valueName\":\"search_term_string\"}}],\"inLanguage\":\"en-US\"},{\"@type\":\"Organization\",\"@id\":\"https:\/\/glovita.hu\/#organization\",\"name\":\"Glovita\",\"url\":\"https:\/\/glovita.hu\/\",\"logo\":{\"@type\":\"ImageObject\",\"inLanguage\":\"en-US\",\"@id\":\"https:\/\/glovita.hu\/#\/schema\/logo\/image\/\",\"url\":\"https:\/\/glovita.hu\/wp-content\/uploads\/2021\/04\/glovita-logo.svg\",\"contentUrl\":\"https:\/\/glovita.hu\/wp-content\/uploads\/2021\/04\/glovita-logo.svg\",\"width\":250,\"height\":161,\"caption\":\"Glovita\"},\"image\":{\"@id\":\"https:\/\/glovita.hu\/#\/schema\/logo\/image\/\"}}]}<\/script>\n<!-- \/ Yoast SEO plugin. -->","yoast_head_json":{"title":"Barbecue gloves with flame-proof cotton tissue manchette - Glovita.hu","robots":{"index":"index","follow":"follow","max-snippet":"max-snippet:-1","max-image-preview":"max-image-preview:large","max-video-preview":"max-video-preview:-1"},"canonical":"https:\/\/glovita.hu\/en\/products\/knitted-safety-gloves\/against-mechanical-and-thermic-risksheat-and-cut-proof\/barbecue-gloves-with-flame-prood-cotton-tissue-manchette\/","og_locale":"en_US","og_type":"article","og_title":"Barbecue gloves with flame-proof cotton tissue manchette - Glovita.hu","og_description":"Heat proof Nomex gloves with cotton liner Gauge 7 Seamless with elastic cuff against mechanical and thermic risks Provides protection","og_url":"https:\/\/glovita.hu\/en\/products\/knitted-safety-gloves\/against-mechanical-and-thermic-risksheat-and-cut-proof\/barbecue-gloves-with-flame-prood-cotton-tissue-manchette\/","og_site_name":"Glovita.hu","og_image":[{"width":1500,"height":1500,"url":"https:\/\/glovita.hu\/wp-content\/uploads\/2021\/08\/22161-001.jpg","type":"image\/jpeg"}],"twitter_card":"summary_large_image","schema":{"@context":"https:\/\/schema.org","@graph":[{"@type":"WebPage","@id":"https:\/\/glovita.hu\/en\/products\/knitted-safety-gloves\/against-mechanical-and-thermic-risksheat-and-cut-proof\/barbecue-gloves-with-flame-prood-cotton-tissue-manchette\/","url":"https:\/\/glovita.hu\/en\/products\/knitted-safety-gloves\/against-mechanical-and-thermic-risksheat-and-cut-proof\/barbecue-gloves-with-flame-prood-cotton-tissue-manchette\/","name":"Barbecue gloves with flame-proof cotton tissue manchette - Glovita.hu","isPartOf":{"@id":"https:\/\/glovita.hu\/#website"},"primaryImageOfPage":{"@id":"https:\/\/glovita.hu\/en\/products\/knitted-safety-gloves\/against-mechanical-and-thermic-risksheat-and-cut-proof\/barbecue-gloves-with-flame-prood-cotton-tissue-manchette\/#primaryimage"},"image":{"@id":"https:\/\/glovita.hu\/en\/products\/knitted-safety-gloves\/against-mechanical-and-thermic-risksheat-and-cut-proof\/barbecue-gloves-with-flame-prood-cotton-tissue-manchette\/#primaryimage"},"thumbnailUrl":"https:\/\/glovita.hu\/wp-content\/uploads\/2021\/08\/22161-001.jpg","datePublished":"2022-02-11T08:59:34+00:00","breadcrumb":{"@id":"https:\/\/glovita.hu\/en\/products\/knitted-safety-gloves\/against-mechanical-and-thermic-risksheat-and-cut-proof\/barbecue-gloves-with-flame-prood-cotton-tissue-manchette\/#breadcrumb"},"inLanguage":"en-US","potentialAction":[{"@type":"ReadAction","target":["https:\/\/glovita.hu\/en\/products\/knitted-safety-gloves\/against-mechanical-and-thermic-risksheat-and-cut-proof\/barbecue-gloves-with-flame-prood-cotton-tissue-manchette\/"]}]},{"@type":"ImageObject","inLanguage":"en-US","@id":"https:\/\/glovita.hu\/en\/products\/knitted-safety-gloves\/against-mechanical-and-thermic-risksheat-and-cut-proof\/barbecue-gloves-with-flame-prood-cotton-tissue-manchette\/#primaryimage","url":"https:\/\/glovita.hu\/wp-content\/uploads\/2021\/08\/22161-001.jpg","contentUrl":"https:\/\/glovita.hu\/wp-content\/uploads\/2021\/08\/22161-001.jpg","width":1500,"height":1500},{"@type":"BreadcrumbList","@id":"https:\/\/glovita.hu\/en\/products\/knitted-safety-gloves\/against-mechanical-and-thermic-risksheat-and-cut-proof\/barbecue-gloves-with-flame-prood-cotton-tissue-manchette\/#breadcrumb","itemListElement":[{"@type":"ListItem","position":1,"name":"Kezd\u0151lap","item":"https:\/\/glovita.hu\/en\/"},{"@type":"ListItem","position":2,"name":"Our products","item":"https:\/\/glovita.hu\/en\/products\/"},{"@type":"ListItem","position":3,"name":"Barbecue gloves with flame-proof cotton tissue manchette"}]},{"@type":"WebSite","@id":"https:\/\/glovita.hu\/#website","url":"https:\/\/glovita.hu\/","name":"Glovita.hu","description":"Teljes k\u00f6r\u0171 k\u00e9zv\u00e9delmi megold\u00e1sok a gy\u00e1rt\u00f3t\u00f3l","publisher":{"@id":"https:\/\/glovita.hu\/#organization"},"potentialAction":[{"@type":"SearchAction","target":{"@type":"EntryPoint","urlTemplate":"https:\/\/glovita.hu\/?s={search_term_string}"},"query-input":{"@type":"PropertyValueSpecification","valueRequired":true,"valueName":"search_term_string"}}],"inLanguage":"en-US"},{"@type":"Organization","@id":"https:\/\/glovita.hu\/#organization","name":"Glovita","url":"https:\/\/glovita.hu\/","logo":{"@type":"ImageObject","inLanguage":"en-US","@id":"https:\/\/glovita.hu\/#\/schema\/logo\/image\/","url":"https:\/\/glovita.hu\/wp-content\/uploads\/2021\/04\/glovita-logo.svg","contentUrl":"https:\/\/glovita.hu\/wp-content\/uploads\/2021\/04\/glovita-logo.svg","width":250,"height":161,"caption":"Glovita"},"image":{"@id":"https:\/\/glovita.hu\/#\/schema\/logo\/image\/"}}]}},"_links":{"self":[{"href":"https:\/\/glovita.hu\/en\/wp-json\/wp\/v2\/product\/2091","targetHints":{"allow":["GET"]}}],"collection":[{"href":"https:\/\/glovita.hu\/en\/wp-json\/wp\/v2\/product"}],"about":[{"href":"https:\/\/glovita.hu\/en\/wp-json\/wp\/v2\/types\/product"}],"wp:featuredmedia":[{"embeddable":true,"href":"https:\/\/glovita.hu\/en\/wp-json\/wp\/v2\/media\/1863"}],"wp:attachment":[{"href":"https:\/\/glovita.hu\/en\/wp-json\/wp\/v2\/media?parent=2091"}],"wp:term":[{"taxonomy":"product_brand","embeddable":true,"href":"https:\/\/glovita.hu\/en\/wp-json\/wp\/v2\/product_brand?post=2091"},{"taxonomy":"product_cat","embeddable":true,"href":"https:\/\/glovita.hu\/en\/wp-json\/wp\/v2\/product_cat?post=2091"},{"taxonomy":"product_tag","embeddable":true,"href":"https:\/\/glovita.hu\/en\/wp-json\/wp\/v2\/product_tag?post=2091"}],"curies":[{"name":"wp","href":"https:\/\/api.w.org\/{rel}","templated":true}]}}