{"id":2122,"date":"2021-07-12T08:21:55","date_gmt":"2022-02-15T11:57:20","guid":{"rendered":"https:\/\/glovita.hu\/termekeink\/uncategorized\/diptex-chem-550-safety-gloves-against-chemicals\/"},"modified":"2022-02-15T11:57:20","modified_gmt":"2022-02-15T11:57:20","slug":"diptex-chem-550-safety-gloves-against-chemical","status":"publish","type":"product","link":"https:\/\/glovita.hu\/en\/products\/dipped-safety-gloves\/oil-and-chemical-proof\/diptex-chem-550-safety-gloves-against-chemical\/","title":{"rendered":"Diptex Chem-550 Safety gloves against chemicals"},"content":{"rendered":"<ul>\n<li>Safety gloves against chemicals with triple nitryle\/PU coating<\/li>\n<li>Very high abrasion resistance,excellent grip with oily and wet pieces<\/li>\n<li>Appropriate protection against chemicals,detergents,oil and different solvents<\/li>\n<li>colour: green with black coating<\/li>\n<\/ul>\n<p><a class=\"tajekoztato\" href=\"http:\/\/glovita.hu\/tajekoztatok\/diptexchem550.pdf\" target=\"_blank\" rel=\"noopener\">Download instruction manual<\/a><\/p>\n","protected":false},"excerpt":{"rendered":"<p>Safety gloves against chemicals with triple nitryle\/PU coating Very high abrasion resistance,excellent grip with oily and wet pieces Appropriate protection<\/p>\n","protected":false},"featured_media":1820,"template":"","meta":[],"product_brand":[],"product_cat":[256,310],"product_tag":[],"class_list":{"0":"post-2122","1":"product","2":"type-product","3":"status-publish","4":"has-post-thumbnail","6":"product_cat-dipped-safety-gloves","7":"product_cat-oil-and-chemical-proof","8":"pa_en374-1-b-a2-j3-k6-l2-en","9":"pa_en374-5-en-374-5-en","10":"pa_szabvanyok-en-374-1-b-en","11":"pa_szabvanyok-en-374-5-en","12":"pa_szabvanyok-en-388-en","14":"first","15":"instock","16":"purchasable","17":"product-type-variable"},"yoast_head":"<!-- This site is optimized with the Yoast SEO plugin v24.5 - https:\/\/yoast.com\/wordpress\/plugins\/seo\/ -->\n<title>Diptex Chem-550 Safety gloves against chemicals - Glovita.hu<\/title>\n<meta name=\"robots\" content=\"index, follow, max-snippet:-1, max-image-preview:large, max-video-preview:-1\" \/>\n<link rel=\"canonical\" href=\"https:\/\/glovita.hu\/en\/products\/dipped-safety-gloves\/oil-and-chemical-proof\/diptex-chem-550-safety-gloves-against-chemical\/\" \/>\n<meta property=\"og:locale\" content=\"en_US\" \/>\n<meta property=\"og:type\" content=\"article\" \/>\n<meta property=\"og:title\" content=\"Diptex Chem-550 Safety gloves against chemicals - Glovita.hu\" \/>\n<meta property=\"og:description\" content=\"Safety gloves against chemicals with triple nitryle\/PU coating Very high abrasion resistance,excellent grip with oily and wet pieces Appropriate protection\" \/>\n<meta property=\"og:url\" content=\"https:\/\/glovita.hu\/en\/products\/dipped-safety-gloves\/oil-and-chemical-proof\/diptex-chem-550-safety-gloves-against-chemical\/\" \/>\n<meta property=\"og:site_name\" content=\"Glovita.hu\" \/>\n<meta property=\"og:image\" content=\"https:\/\/glovita.hu\/wp-content\/uploads\/2021\/07\/diptex_chem_550.jpg\" \/>\n\t<meta property=\"og:image:width\" content=\"1200\" \/>\n\t<meta property=\"og:image:height\" content=\"1200\" \/>\n\t<meta property=\"og:image:type\" content=\"image\/jpeg\" \/>\n<meta name=\"twitter:card\" content=\"summary_large_image\" \/>\n<script type=\"application\/ld+json\" class=\"yoast-schema-graph\">{\"@context\":\"https:\/\/schema.org\",\"@graph\":[{\"@type\":\"WebPage\",\"@id\":\"https:\/\/glovita.hu\/en\/products\/dipped-safety-gloves\/oil-and-chemical-proof\/diptex-chem-550-safety-gloves-against-chemical\/\",\"url\":\"https:\/\/glovita.hu\/en\/products\/dipped-safety-gloves\/oil-and-chemical-proof\/diptex-chem-550-safety-gloves-against-chemical\/\",\"name\":\"Diptex Chem-550 Safety gloves against chemicals - Glovita.hu\",\"isPartOf\":{\"@id\":\"https:\/\/glovita.hu\/#website\"},\"primaryImageOfPage\":{\"@id\":\"https:\/\/glovita.hu\/en\/products\/dipped-safety-gloves\/oil-and-chemical-proof\/diptex-chem-550-safety-gloves-against-chemical\/#primaryimage\"},\"image\":{\"@id\":\"https:\/\/glovita.hu\/en\/products\/dipped-safety-gloves\/oil-and-chemical-proof\/diptex-chem-550-safety-gloves-against-chemical\/#primaryimage\"},\"thumbnailUrl\":\"https:\/\/glovita.hu\/wp-content\/uploads\/2021\/07\/diptex_chem_550.jpg\",\"datePublished\":\"2022-02-15T11:57:20+00:00\",\"breadcrumb\":{\"@id\":\"https:\/\/glovita.hu\/en\/products\/dipped-safety-gloves\/oil-and-chemical-proof\/diptex-chem-550-safety-gloves-against-chemical\/#breadcrumb\"},\"inLanguage\":\"en-US\",\"potentialAction\":[{\"@type\":\"ReadAction\",\"target\":[\"https:\/\/glovita.hu\/en\/products\/dipped-safety-gloves\/oil-and-chemical-proof\/diptex-chem-550-safety-gloves-against-chemical\/\"]}]},{\"@type\":\"ImageObject\",\"inLanguage\":\"en-US\",\"@id\":\"https:\/\/glovita.hu\/en\/products\/dipped-safety-gloves\/oil-and-chemical-proof\/diptex-chem-550-safety-gloves-against-chemical\/#primaryimage\",\"url\":\"https:\/\/glovita.hu\/wp-content\/uploads\/2021\/07\/diptex_chem_550.jpg\",\"contentUrl\":\"https:\/\/glovita.hu\/wp-content\/uploads\/2021\/07\/diptex_chem_550.jpg\",\"width\":1200,\"height\":1200,\"caption\":\"Safety gloves against chemicals\"},{\"@type\":\"BreadcrumbList\",\"@id\":\"https:\/\/glovita.hu\/en\/products\/dipped-safety-gloves\/oil-and-chemical-proof\/diptex-chem-550-safety-gloves-against-chemical\/#breadcrumb\",\"itemListElement\":[{\"@type\":\"ListItem\",\"position\":1,\"name\":\"Kezd\u0151lap\",\"item\":\"https:\/\/glovita.hu\/en\/\"},{\"@type\":\"ListItem\",\"position\":2,\"name\":\"Our products\",\"item\":\"https:\/\/glovita.hu\/en\/products\/\"},{\"@type\":\"ListItem\",\"position\":3,\"name\":\"Diptex Chem-550 Safety gloves against chemicals\"}]},{\"@type\":\"WebSite\",\"@id\":\"https:\/\/glovita.hu\/#website\",\"url\":\"https:\/\/glovita.hu\/\",\"name\":\"Glovita.hu\",\"description\":\"Teljes k\u00f6r\u0171 k\u00e9zv\u00e9delmi megold\u00e1sok a gy\u00e1rt\u00f3t\u00f3l\",\"publisher\":{\"@id\":\"https:\/\/glovita.hu\/#organization\"},\"potentialAction\":[{\"@type\":\"SearchAction\",\"target\":{\"@type\":\"EntryPoint\",\"urlTemplate\":\"https:\/\/glovita.hu\/?s={search_term_string}\"},\"query-input\":{\"@type\":\"PropertyValueSpecification\",\"valueRequired\":true,\"valueName\":\"search_term_string\"}}],\"inLanguage\":\"en-US\"},{\"@type\":\"Organization\",\"@id\":\"https:\/\/glovita.hu\/#organization\",\"name\":\"Glovita\",\"url\":\"https:\/\/glovita.hu\/\",\"logo\":{\"@type\":\"ImageObject\",\"inLanguage\":\"en-US\",\"@id\":\"https:\/\/glovita.hu\/#\/schema\/logo\/image\/\",\"url\":\"https:\/\/glovita.hu\/wp-content\/uploads\/2021\/04\/glovita-logo.svg\",\"contentUrl\":\"https:\/\/glovita.hu\/wp-content\/uploads\/2021\/04\/glovita-logo.svg\",\"width\":250,\"height\":161,\"caption\":\"Glovita\"},\"image\":{\"@id\":\"https:\/\/glovita.hu\/#\/schema\/logo\/image\/\"}}]}<\/script>\n<!-- \/ Yoast SEO plugin. -->","yoast_head_json":{"title":"Diptex Chem-550 Safety gloves against chemicals - Glovita.hu","robots":{"index":"index","follow":"follow","max-snippet":"max-snippet:-1","max-image-preview":"max-image-preview:large","max-video-preview":"max-video-preview:-1"},"canonical":"https:\/\/glovita.hu\/en\/products\/dipped-safety-gloves\/oil-and-chemical-proof\/diptex-chem-550-safety-gloves-against-chemical\/","og_locale":"en_US","og_type":"article","og_title":"Diptex Chem-550 Safety gloves against chemicals - Glovita.hu","og_description":"Safety gloves against chemicals with triple nitryle\/PU coating Very high abrasion resistance,excellent grip with oily and wet pieces Appropriate protection","og_url":"https:\/\/glovita.hu\/en\/products\/dipped-safety-gloves\/oil-and-chemical-proof\/diptex-chem-550-safety-gloves-against-chemical\/","og_site_name":"Glovita.hu","og_image":[{"width":1200,"height":1200,"url":"https:\/\/glovita.hu\/wp-content\/uploads\/2021\/07\/diptex_chem_550.jpg","type":"image\/jpeg"}],"twitter_card":"summary_large_image","schema":{"@context":"https:\/\/schema.org","@graph":[{"@type":"WebPage","@id":"https:\/\/glovita.hu\/en\/products\/dipped-safety-gloves\/oil-and-chemical-proof\/diptex-chem-550-safety-gloves-against-chemical\/","url":"https:\/\/glovita.hu\/en\/products\/dipped-safety-gloves\/oil-and-chemical-proof\/diptex-chem-550-safety-gloves-against-chemical\/","name":"Diptex Chem-550 Safety gloves against chemicals - Glovita.hu","isPartOf":{"@id":"https:\/\/glovita.hu\/#website"},"primaryImageOfPage":{"@id":"https:\/\/glovita.hu\/en\/products\/dipped-safety-gloves\/oil-and-chemical-proof\/diptex-chem-550-safety-gloves-against-chemical\/#primaryimage"},"image":{"@id":"https:\/\/glovita.hu\/en\/products\/dipped-safety-gloves\/oil-and-chemical-proof\/diptex-chem-550-safety-gloves-against-chemical\/#primaryimage"},"thumbnailUrl":"https:\/\/glovita.hu\/wp-content\/uploads\/2021\/07\/diptex_chem_550.jpg","datePublished":"2022-02-15T11:57:20+00:00","breadcrumb":{"@id":"https:\/\/glovita.hu\/en\/products\/dipped-safety-gloves\/oil-and-chemical-proof\/diptex-chem-550-safety-gloves-against-chemical\/#breadcrumb"},"inLanguage":"en-US","potentialAction":[{"@type":"ReadAction","target":["https:\/\/glovita.hu\/en\/products\/dipped-safety-gloves\/oil-and-chemical-proof\/diptex-chem-550-safety-gloves-against-chemical\/"]}]},{"@type":"ImageObject","inLanguage":"en-US","@id":"https:\/\/glovita.hu\/en\/products\/dipped-safety-gloves\/oil-and-chemical-proof\/diptex-chem-550-safety-gloves-against-chemical\/#primaryimage","url":"https:\/\/glovita.hu\/wp-content\/uploads\/2021\/07\/diptex_chem_550.jpg","contentUrl":"https:\/\/glovita.hu\/wp-content\/uploads\/2021\/07\/diptex_chem_550.jpg","width":1200,"height":1200,"caption":"Safety gloves against chemicals"},{"@type":"BreadcrumbList","@id":"https:\/\/glovita.hu\/en\/products\/dipped-safety-gloves\/oil-and-chemical-proof\/diptex-chem-550-safety-gloves-against-chemical\/#breadcrumb","itemListElement":[{"@type":"ListItem","position":1,"name":"Kezd\u0151lap","item":"https:\/\/glovita.hu\/en\/"},{"@type":"ListItem","position":2,"name":"Our products","item":"https:\/\/glovita.hu\/en\/products\/"},{"@type":"ListItem","position":3,"name":"Diptex Chem-550 Safety gloves against chemicals"}]},{"@type":"WebSite","@id":"https:\/\/glovita.hu\/#website","url":"https:\/\/glovita.hu\/","name":"Glovita.hu","description":"Teljes k\u00f6r\u0171 k\u00e9zv\u00e9delmi megold\u00e1sok a gy\u00e1rt\u00f3t\u00f3l","publisher":{"@id":"https:\/\/glovita.hu\/#organization"},"potentialAction":[{"@type":"SearchAction","target":{"@type":"EntryPoint","urlTemplate":"https:\/\/glovita.hu\/?s={search_term_string}"},"query-input":{"@type":"PropertyValueSpecification","valueRequired":true,"valueName":"search_term_string"}}],"inLanguage":"en-US"},{"@type":"Organization","@id":"https:\/\/glovita.hu\/#organization","name":"Glovita","url":"https:\/\/glovita.hu\/","logo":{"@type":"ImageObject","inLanguage":"en-US","@id":"https:\/\/glovita.hu\/#\/schema\/logo\/image\/","url":"https:\/\/glovita.hu\/wp-content\/uploads\/2021\/04\/glovita-logo.svg","contentUrl":"https:\/\/glovita.hu\/wp-content\/uploads\/2021\/04\/glovita-logo.svg","width":250,"height":161,"caption":"Glovita"},"image":{"@id":"https:\/\/glovita.hu\/#\/schema\/logo\/image\/"}}]}},"_links":{"self":[{"href":"https:\/\/glovita.hu\/en\/wp-json\/wp\/v2\/product\/2122","targetHints":{"allow":["GET"]}}],"collection":[{"href":"https:\/\/glovita.hu\/en\/wp-json\/wp\/v2\/product"}],"about":[{"href":"https:\/\/glovita.hu\/en\/wp-json\/wp\/v2\/types\/product"}],"wp:featuredmedia":[{"embeddable":true,"href":"https:\/\/glovita.hu\/en\/wp-json\/wp\/v2\/media\/1820"}],"wp:attachment":[{"href":"https:\/\/glovita.hu\/en\/wp-json\/wp\/v2\/media?parent=2122"}],"wp:term":[{"taxonomy":"product_brand","embeddable":true,"href":"https:\/\/glovita.hu\/en\/wp-json\/wp\/v2\/product_brand?post=2122"},{"taxonomy":"product_cat","embeddable":true,"href":"https:\/\/glovita.hu\/en\/wp-json\/wp\/v2\/product_cat?post=2122"},{"taxonomy":"product_tag","embeddable":true,"href":"https:\/\/glovita.hu\/en\/wp-json\/wp\/v2\/product_tag?post=2122"}],"curies":[{"name":"wp","href":"https:\/\/api.w.org\/{rel}","templated":true}]}}