{"id":2373,"date":"2021-07-12T07:40:18","date_gmt":"2022-02-24T06:58:45","guid":{"rendered":"https:\/\/glovita.hu\/termekeink\/uncategorized\/thin-safety-gloves-with-mixed-fibreslong-cuff\/"},"modified":"2022-02-24T06:58:45","modified_gmt":"2022-02-24T06:58:45","slug":"thin-safety-gloves-with-mixed-fibreslong-cuff","status":"publish","type":"product","link":"https:\/\/glovita.hu\/en\/products\/knitted-safety-gloves\/knitted-safety-gloves-against-mechanical-risks\/thin-safety-gloves-with-mixed-fibreslong-cuff\/","title":{"rendered":"Thin safety gloves with mixed fibres,long cuff"},"content":{"rendered":"<ul>\n<li>Thin long cuffed gloves for medium risks<\/li>\n<li>Gauge 13<\/li>\n<li>Seamless, with comfortable cotton liner and long cuff for higher protection (ladies 12cm, gents 15cm ) <\/li>\n<li>colour: raw white<\/li>\n<\/ul>\n<p><a class=\"tajekoztato\" href=\"http:\/\/glovita.hu\/tajekoztatok\/111513-001.pdf\" target=\"_blank\" rel=\"noopener\">Download instruction manual<\/a><\/p>\n","protected":false},"excerpt":{"rendered":"<p>Thin long cuffed gloves for medium risks Gauge 13 Seamless, with comfortable cotton liner and long cuff for higher protection<\/p>\n","protected":false},"featured_media":1782,"template":"","meta":[],"product_brand":[],"product_cat":[299,287],"product_tag":[],"class_list":{"0":"post-2373","1":"product","2":"type-product","3":"status-publish","4":"has-post-thumbnail","6":"product_cat-knitted-safety-gloves-against-mechanical-risks","7":"product_cat-knitted-safety-gloves","8":"pa_szabvanyok-en-388-en","10":"first","11":"instock","12":"purchasable","13":"product-type-variable"},"yoast_head":"<!-- This site is optimized with the Yoast SEO plugin v24.5 - https:\/\/yoast.com\/wordpress\/plugins\/seo\/ -->\n<title>Thin safety gloves with mixed fibres,long cuff - Glovita.hu<\/title>\n<meta name=\"robots\" content=\"index, follow, max-snippet:-1, max-image-preview:large, max-video-preview:-1\" \/>\n<link rel=\"canonical\" href=\"https:\/\/glovita.hu\/termekeink\/uncategorized\/thin-safety-gloves-with-mixed-fibreslong-cuff\/\" \/>\n<meta property=\"og:locale\" content=\"en_US\" \/>\n<meta property=\"og:type\" content=\"article\" \/>\n<meta property=\"og:title\" content=\"Thin safety gloves with mixed fibres,long cuff - Glovita.hu\" \/>\n<meta property=\"og:description\" content=\"Thin long cuffed gloves for medium risks Gauge 13 Seamless, with comfortable cotton liner and long cuff for higher protection\" \/>\n<meta property=\"og:url\" content=\"https:\/\/glovita.hu\/termekeink\/uncategorized\/thin-safety-gloves-with-mixed-fibreslong-cuff\/\" \/>\n<meta property=\"og:site_name\" content=\"Glovita.hu\" \/>\n<meta property=\"og:image\" content=\"https:\/\/glovita.hu\/wp-content\/uploads\/2021\/09\/glovita-og.jpg\" \/>\n\t<meta property=\"og:image:width\" content=\"1200\" \/>\n\t<meta property=\"og:image:height\" content=\"628\" \/>\n\t<meta property=\"og:image:type\" content=\"image\/jpeg\" \/>\n<meta name=\"twitter:card\" content=\"summary_large_image\" \/>\n<script type=\"application\/ld+json\" class=\"yoast-schema-graph\">{\"@context\":\"https:\/\/schema.org\",\"@graph\":[{\"@type\":\"WebPage\",\"@id\":\"https:\/\/glovita.hu\/termekeink\/uncategorized\/thin-safety-gloves-with-mixed-fibreslong-cuff\/\",\"url\":\"https:\/\/glovita.hu\/termekeink\/uncategorized\/thin-safety-gloves-with-mixed-fibreslong-cuff\/\",\"name\":\"Thin safety gloves with mixed fibres,long cuff - Glovita.hu\",\"isPartOf\":{\"@id\":\"https:\/\/glovita.hu\/#website\"},\"primaryImageOfPage\":{\"@id\":\"https:\/\/glovita.hu\/termekeink\/uncategorized\/thin-safety-gloves-with-mixed-fibreslong-cuff\/#primaryimage\"},\"image\":{\"@id\":\"https:\/\/glovita.hu\/termekeink\/uncategorized\/thin-safety-gloves-with-mixed-fibreslong-cuff\/#primaryimage\"},\"thumbnailUrl\":\"https:\/\/glovita.hu\/wp-content\/uploads\/2021\/07\/111512-0019.jpg\",\"datePublished\":\"2022-02-24T06:58:45+00:00\",\"breadcrumb\":{\"@id\":\"https:\/\/glovita.hu\/termekeink\/uncategorized\/thin-safety-gloves-with-mixed-fibreslong-cuff\/#breadcrumb\"},\"inLanguage\":\"en-US\",\"potentialAction\":[{\"@type\":\"ReadAction\",\"target\":[\"https:\/\/glovita.hu\/termekeink\/uncategorized\/thin-safety-gloves-with-mixed-fibreslong-cuff\/\"]}]},{\"@type\":\"ImageObject\",\"inLanguage\":\"en-US\",\"@id\":\"https:\/\/glovita.hu\/termekeink\/uncategorized\/thin-safety-gloves-with-mixed-fibreslong-cuff\/#primaryimage\",\"url\":\"https:\/\/glovita.hu\/wp-content\/uploads\/2021\/07\/111512-0019.jpg\",\"contentUrl\":\"https:\/\/glovita.hu\/wp-content\/uploads\/2021\/07\/111512-0019.jpg\",\"width\":1500,\"height\":1500,\"caption\":\"Thin safety gloves with mixed fibres,long cuff\"},{\"@type\":\"BreadcrumbList\",\"@id\":\"https:\/\/glovita.hu\/termekeink\/uncategorized\/thin-safety-gloves-with-mixed-fibreslong-cuff\/#breadcrumb\",\"itemListElement\":[{\"@type\":\"ListItem\",\"position\":1,\"name\":\"Kezd\u0151lap\",\"item\":\"https:\/\/glovita.hu\/en\/\"},{\"@type\":\"ListItem\",\"position\":2,\"name\":\"Our products\",\"item\":\"https:\/\/glovita.hu\/en\/products\/\"},{\"@type\":\"ListItem\",\"position\":3,\"name\":\"Thin safety gloves with mixed fibres,long cuff\"}]},{\"@type\":\"WebSite\",\"@id\":\"https:\/\/glovita.hu\/#website\",\"url\":\"https:\/\/glovita.hu\/\",\"name\":\"Glovita.hu\",\"description\":\"Teljes k\u00f6r\u0171 k\u00e9zv\u00e9delmi megold\u00e1sok a gy\u00e1rt\u00f3t\u00f3l\",\"publisher\":{\"@id\":\"https:\/\/glovita.hu\/#organization\"},\"potentialAction\":[{\"@type\":\"SearchAction\",\"target\":{\"@type\":\"EntryPoint\",\"urlTemplate\":\"https:\/\/glovita.hu\/?s={search_term_string}\"},\"query-input\":{\"@type\":\"PropertyValueSpecification\",\"valueRequired\":true,\"valueName\":\"search_term_string\"}}],\"inLanguage\":\"en-US\"},{\"@type\":\"Organization\",\"@id\":\"https:\/\/glovita.hu\/#organization\",\"name\":\"Glovita\",\"url\":\"https:\/\/glovita.hu\/\",\"logo\":{\"@type\":\"ImageObject\",\"inLanguage\":\"en-US\",\"@id\":\"https:\/\/glovita.hu\/#\/schema\/logo\/image\/\",\"url\":\"https:\/\/glovita.hu\/wp-content\/uploads\/2021\/04\/glovita-logo.svg\",\"contentUrl\":\"https:\/\/glovita.hu\/wp-content\/uploads\/2021\/04\/glovita-logo.svg\",\"width\":250,\"height\":161,\"caption\":\"Glovita\"},\"image\":{\"@id\":\"https:\/\/glovita.hu\/#\/schema\/logo\/image\/\"}}]}<\/script>\n<!-- \/ Yoast SEO plugin. -->","yoast_head_json":{"title":"Thin safety gloves with mixed fibres,long cuff - Glovita.hu","robots":{"index":"index","follow":"follow","max-snippet":"max-snippet:-1","max-image-preview":"max-image-preview:large","max-video-preview":"max-video-preview:-1"},"canonical":"https:\/\/glovita.hu\/termekeink\/uncategorized\/thin-safety-gloves-with-mixed-fibreslong-cuff\/","og_locale":"en_US","og_type":"article","og_title":"Thin safety gloves with mixed fibres,long cuff - Glovita.hu","og_description":"Thin long cuffed gloves for medium risks Gauge 13 Seamless, with comfortable cotton liner and long cuff for higher protection","og_url":"https:\/\/glovita.hu\/termekeink\/uncategorized\/thin-safety-gloves-with-mixed-fibreslong-cuff\/","og_site_name":"Glovita.hu","og_image":[{"width":1200,"height":628,"url":"https:\/\/glovita.hu\/wp-content\/uploads\/2021\/09\/glovita-og.jpg","type":"image\/jpeg"}],"twitter_card":"summary_large_image","schema":{"@context":"https:\/\/schema.org","@graph":[{"@type":"WebPage","@id":"https:\/\/glovita.hu\/termekeink\/uncategorized\/thin-safety-gloves-with-mixed-fibreslong-cuff\/","url":"https:\/\/glovita.hu\/termekeink\/uncategorized\/thin-safety-gloves-with-mixed-fibreslong-cuff\/","name":"Thin safety gloves with mixed fibres,long cuff - Glovita.hu","isPartOf":{"@id":"https:\/\/glovita.hu\/#website"},"primaryImageOfPage":{"@id":"https:\/\/glovita.hu\/termekeink\/uncategorized\/thin-safety-gloves-with-mixed-fibreslong-cuff\/#primaryimage"},"image":{"@id":"https:\/\/glovita.hu\/termekeink\/uncategorized\/thin-safety-gloves-with-mixed-fibreslong-cuff\/#primaryimage"},"thumbnailUrl":"https:\/\/glovita.hu\/wp-content\/uploads\/2021\/07\/111512-0019.jpg","datePublished":"2022-02-24T06:58:45+00:00","breadcrumb":{"@id":"https:\/\/glovita.hu\/termekeink\/uncategorized\/thin-safety-gloves-with-mixed-fibreslong-cuff\/#breadcrumb"},"inLanguage":"en-US","potentialAction":[{"@type":"ReadAction","target":["https:\/\/glovita.hu\/termekeink\/uncategorized\/thin-safety-gloves-with-mixed-fibreslong-cuff\/"]}]},{"@type":"ImageObject","inLanguage":"en-US","@id":"https:\/\/glovita.hu\/termekeink\/uncategorized\/thin-safety-gloves-with-mixed-fibreslong-cuff\/#primaryimage","url":"https:\/\/glovita.hu\/wp-content\/uploads\/2021\/07\/111512-0019.jpg","contentUrl":"https:\/\/glovita.hu\/wp-content\/uploads\/2021\/07\/111512-0019.jpg","width":1500,"height":1500,"caption":"Thin safety gloves with mixed fibres,long cuff"},{"@type":"BreadcrumbList","@id":"https:\/\/glovita.hu\/termekeink\/uncategorized\/thin-safety-gloves-with-mixed-fibreslong-cuff\/#breadcrumb","itemListElement":[{"@type":"ListItem","position":1,"name":"Kezd\u0151lap","item":"https:\/\/glovita.hu\/en\/"},{"@type":"ListItem","position":2,"name":"Our products","item":"https:\/\/glovita.hu\/en\/products\/"},{"@type":"ListItem","position":3,"name":"Thin safety gloves with mixed fibres,long cuff"}]},{"@type":"WebSite","@id":"https:\/\/glovita.hu\/#website","url":"https:\/\/glovita.hu\/","name":"Glovita.hu","description":"Teljes k\u00f6r\u0171 k\u00e9zv\u00e9delmi megold\u00e1sok a gy\u00e1rt\u00f3t\u00f3l","publisher":{"@id":"https:\/\/glovita.hu\/#organization"},"potentialAction":[{"@type":"SearchAction","target":{"@type":"EntryPoint","urlTemplate":"https:\/\/glovita.hu\/?s={search_term_string}"},"query-input":{"@type":"PropertyValueSpecification","valueRequired":true,"valueName":"search_term_string"}}],"inLanguage":"en-US"},{"@type":"Organization","@id":"https:\/\/glovita.hu\/#organization","name":"Glovita","url":"https:\/\/glovita.hu\/","logo":{"@type":"ImageObject","inLanguage":"en-US","@id":"https:\/\/glovita.hu\/#\/schema\/logo\/image\/","url":"https:\/\/glovita.hu\/wp-content\/uploads\/2021\/04\/glovita-logo.svg","contentUrl":"https:\/\/glovita.hu\/wp-content\/uploads\/2021\/04\/glovita-logo.svg","width":250,"height":161,"caption":"Glovita"},"image":{"@id":"https:\/\/glovita.hu\/#\/schema\/logo\/image\/"}}]}},"_links":{"self":[{"href":"https:\/\/glovita.hu\/en\/wp-json\/wp\/v2\/product\/2373","targetHints":{"allow":["GET"]}}],"collection":[{"href":"https:\/\/glovita.hu\/en\/wp-json\/wp\/v2\/product"}],"about":[{"href":"https:\/\/glovita.hu\/en\/wp-json\/wp\/v2\/types\/product"}],"wp:featuredmedia":[{"embeddable":true,"href":"https:\/\/glovita.hu\/en\/wp-json\/wp\/v2\/media\/1782"}],"wp:attachment":[{"href":"https:\/\/glovita.hu\/en\/wp-json\/wp\/v2\/media?parent=2373"}],"wp:term":[{"taxonomy":"product_brand","embeddable":true,"href":"https:\/\/glovita.hu\/en\/wp-json\/wp\/v2\/product_brand?post=2373"},{"taxonomy":"product_cat","embeddable":true,"href":"https:\/\/glovita.hu\/en\/wp-json\/wp\/v2\/product_cat?post=2373"},{"taxonomy":"product_tag","embeddable":true,"href":"https:\/\/glovita.hu\/en\/wp-json\/wp\/v2\/product_tag?post=2373"}],"curies":[{"name":"wp","href":"https:\/\/api.w.org\/{rel}","templated":true}]}}